{"id":3,"date":"2022-07-28T10:35:48","date_gmt":"2022-07-28T10:35:48","guid":{"rendered":"https:\/\/fishfoodpelletmachine.com\/?page_id=3"},"modified":"2022-09-27T16:35:44","modified_gmt":"2022-09-27T08:35:44","slug":"about-us","status":"publish","type":"page","link":"https:\/\/fishfoodpelletmachine.com\/vi\/about-us\/","title":{"rendered":"V\u1ec1 ch\u00fang t\u00f4i"},"content":{"rendered":"<h2 class=\"wp-block-heading\">Ch\u00fang t\u00f4i l\u00e0 ai?<\/h2>    <div class=\"wp-block-media-text alignwide is-stacked-on-mobile\"><figure class=\"wp-block-media-text__media\"><img loading=\"lazy\" decoding=\"async\" width=\"720\" height=\"540\" src=\"https:\/\/fishfoodpelletmachine.com\/wp-content\/uploads\/2022\/09\/Taizy-factory-1-1.webp\" alt=\"\" class=\"wp-image-481 size-full\" title=\"\" srcset=\"https:\/\/fishfoodpelletmachine.com\/wp-content\/uploads\/2022\/09\/Taizy-factory-1-1.webp 720w, https:\/\/fishfoodpelletmachine.com\/wp-content\/uploads\/2022\/09\/Taizy-factory-1-1-300x225.webp 300w\" sizes=\"auto, (max-width: 720px) 100vw, 720px\" \/><\/figure><div class=\"wp-block-media-text__content\"> <p>Taizy\u00a0Machinery l\u00e0 nh\u00e0 s\u1ea3n xu\u1ea5t th\u1ee9c \u0103n vi\u00ean cho c\u00e1, th\u1ee9c \u0103n vi\u00ean cho th\u00fa c\u01b0ng v\u00e0 c\u00e1c m\u00e1y m\u00f3c li\u00ean quan r\u1ea5t chuy\u00ean nghi\u1ec7p v\u00e0 n\u1ed5i ti\u1ebfng. K\u1ec3 t\u1eeb khi th\u00e0nh l\u1eadp, Taizy\u00a0Machinery \u0111\u00e3 ho\u1ea1t \u0111\u1ed9ng \u0111\u01b0\u1ee3c h\u01a1n 20 n\u0103m. C\u00e1c s\u1ea3n ph\u1ea9m ch\u00ednh ch\u00fang t\u00f4i s\u1ea3n xu\u1ea5t l\u00e0 m\u00e1y \u00e9p vi\u00ean th\u1ee9c \u0103n cho c\u00e1, m\u00e1y l\u00e0m th\u1ee9c \u0103n cho v\u1eadt nu\u00f4i, m\u00e1y nghi\u1ec1n ng\u0169 c\u1ed1c, m\u00e1y tr\u1ed9n, m\u00e1y s\u1ea5y, m\u00e1y n\u00eam, v.v. Trong qu\u00e1 tr\u00ecnh ph\u00e1t tri\u1ec3n, ch\u00fang t\u00f4i theo k\u1ecbp s\u1ef1 ti\u1ebfn b\u1ed9 c\u1ee7a khoa h\u1ecdc c\u00f4ng ngh\u1ec7 \u0111\u1ec3 ph\u00e1t tri\u1ec3n m\u00e1y m\u00f3c \u0111\u00e1p \u1ee9ng nhu c\u1ea7u c\u1ee7a con ng\u01b0\u1eddi v\u1ec1 th\u1ee9c \u0103n vi\u00ean cho c\u00e1 v\u00e0 th\u1ee9c \u0103n cho v\u1eadt nu\u00f4i trong c\u00e1c th\u1eddi k\u1ef3 kh\u00e1c nhau. Ch\u00fang t\u00f4i cam k\u1ebft s\u1ea3n xu\u1ea5t c\u00e1c s\u1ea3n ph\u1ea9m m\u00e1y m\u00f3c \u0111\u00e1p \u1ee9ng nhu c\u1ea7u c\u1ee7a c\u00f4ng ch\u00fang v\u00e0 c\u00f3 \u0111\u1ed9 b\u1ec1n cao. B\u00e2y gi\u1edd m\u00e1y c\u1ee7a ch\u00fang t\u00f4i \u0111\u01b0\u1ee3c xu\u1ea5t kh\u1ea9u sang nhi\u1ec1u n\u01b0\u1edbc. V\u00ed d\u1ee5: Peru, Ghana, Niger, Angola, Malaysia, B\u1ec9, v.v. Do th\u01b0\u1eddng xuy\u00ean xu\u1ea5t kh\u1ea9u sang c\u00e1c n\u01b0\u1edbc n\u00e0y n\u00ean nhi\u1ec1u kh\u00e1ch h\u00e0ng c\u1ee7a ch\u00fang t\u00f4i \u0111\u00e3 tr\u1edf th\u00e0nh kh\u00e1ch h\u00e0ng l\u00e2u d\u00e0i c\u1ee7a ch\u00fang t\u00f4i.<\/p> <\/div><\/div>    <p>Ng\u00e0y nay, c\u00f3 r\u1ea5t nhi\u1ec1u ng\u01b0\u1eddi nu\u00f4i c\u00e1 \u1edf nhi\u1ec1u v\u00f9ng. \u0110\u1ed3ng th\u1eddi, do chi ph\u00ed mua th\u1ee9c \u0103n cho c\u00e1 cao, kh\u00f4ng c\u00f3 l\u1ee3i cho vi\u1ec7c t\u0103ng doanh thu n\u00ean hi\u1ec7n nay c\u00f3 r\u1ea5t nhi\u1ec1u ng\u01b0\u1eddi nu\u00f4i c\u00e1 l\u1ef1a ch\u1ecdn mua m\u00e1y \u00e9p vi\u00ean th\u1ee9c \u0103n cho c\u00e1 \u0111\u1ec3 t\u1ef1 l\u00e0m th\u1ee9c \u0103n cho c\u00e1. B\u1eb1ng c\u00e1ch n\u00e0y, dinh d\u01b0\u1ee1ng c\u1ee7a th\u1ee9c \u0103n cho c\u00e1 c\u00f3 th\u1ec3 \u0111\u01b0\u1ee3c \u0111\u1ea3m b\u1ea3o trong khi th\u1ee9c \u0103n cho c\u00e1 do ch\u00ednh n\u00f3 l\u00e0m ra l\u1ea1i s\u1ea1ch s\u1ebd v\u00e0 h\u1ee3p v\u1ec7 sinh. \u0110i\u1ec1u n\u00e0y thu\u1eadn l\u1ee3i h\u01a1n cho s\u1ef1 sinh tr\u01b0\u1edfng v\u00e0 ph\u00e1t tri\u1ec3n c\u1ee7a c\u00e1. \u0110\u1ed3ng th\u1eddi ti\u1ebft ki\u1ec7m chi ph\u00ed v\u00e0 gi\u1ea3m chi ph\u00ed mua th\u1ee9c \u0103n cho c\u00e1. Ng\u00e0y nay, nhi\u1ec1u gia \u0111\u00ecnh nu\u00f4i th\u00fa c\u01b0ng n\u00ean th\u1ee9c \u0103n cho th\u00fa c\u01b0ng c\u0169ng c\u00f3 nhu c\u1ea7u r\u1ea5t l\u1edbn. V\u00ec v\u1eady, nhi\u1ec1u ng\u01b0\u1eddi mua nh\u1eefng m\u00e1y m\u00f3c c\u1ea7n thi\u1ebft \u0111\u1ec3 l\u00e0m th\u1ee9c \u0103n cho v\u1eadt nu\u00f4i.<\/p>    <h2 class=\"wp-block-heading\">D\u1ecbch v\u1ee5 c\u1ee7a ch\u00fang t\u00f4i l\u00e0 g\u00ec?<\/h2>    <p>1. \u0110\u1ec1 xu\u1ea5t m\u1ed9t m\u00e1y ph\u00f9 h\u1ee3p cho kh\u00e1ch h\u00e0ng c\u1ee7a ch\u00fang t\u00f4i. Tr\u01b0\u1edbc khi \u0111\u1ec1 xu\u1ea5t lo\u1ea1i m\u00e1y ph\u00f9 h\u1ee3p, tr\u01b0\u1edbc ti\u00ean ch\u00fang t\u00f4i s\u1ebd y\u00eau c\u1ea7u x\u00e1c \u0111\u1ecbnh nhu c\u1ea7u c\u1ee5 th\u1ec3 c\u1ee7a kh\u00e1ch h\u00e0ng, ch\u1eb3ng h\u1ea1n nh\u01b0 nguy\u00ean li\u1ec7u th\u00f4, s\u1ea3n l\u01b0\u1ee3ng, hi\u1ec7u qu\u1ea3 s\u1ea3n ph\u1ea9m, v.v. Sau \u0111\u00f3, ch\u00fang t\u00f4i \u0111\u1ec1 xu\u1ea5t lo\u1ea1i m\u00e1y ph\u00f9 h\u1ee3p theo c\u00e2u tr\u1ea3 l\u1eddi c\u1ee7a kh\u00e1ch h\u00e0ng. Kh\u00e1ch h\u00e0ng c\u0169ng c\u00f3 th\u1ec3 ch\u1ecdn thi\u1ebft b\u1ecb h\u1ecd mu\u1ed1n t\u1eeb c\u00e1c m\u00e1y m\u00e0 ch\u00fang t\u00f4i gi\u1edbi thi\u1ec7u.<\/p>    <p>2. Cung c\u1ea5p cho kh\u00e1ch h\u00e0ng h\u00ecnh \u1ea3nh v\u00e0 video c\u1ee7a m\u00e1y. Ch\u00fang t\u00f4i s\u1ebd g\u1eedi h\u00ecnh \u1ea3nh, video v\u00e0 th\u00f4ng s\u1ed1 k\u1ef9 thu\u1eadt c\u00f3 li\u00ean quan c\u1ee7a m\u00e1y trong qu\u00e1 tr\u00ecnh giao ti\u1ebfp v\u1edbi kh\u00e1ch h\u00e0ng \u0111\u1ec3 kh\u00e1ch h\u00e0ng hi\u1ec3u \u0111\u1ea7y \u0111\u1ee7 v\u1ec1 m\u00e1y.<\/p>    <p>3. Ch\u00fang t\u00f4i h\u1ed7 tr\u1ee3 c\u00e1c m\u00e1y t\u00f9y ch\u1ec9nh. Ch\u00fang t\u00f4i s\u1ebd t\u00f9y ch\u1ec9nh m\u00e1y theo nhu c\u1ea7u c\u1ee5 th\u1ec3 c\u1ee7a kh\u00e1ch h\u00e0ng.<\/p>    <p>4. Ch\u00fang t\u00f4i c\u00f3 nhi\u1ec1u ph\u01b0\u01a1ng th\u1ee9c thanh to\u00e1n kh\u00e1c nhau. V\u00ed d\u1ee5: \u0110\u1ea3m b\u1ea3o th\u01b0\u01a1ng m\u1ea1i, T\/T, Money Gram, L\/C, Pay Pal, Western Union, Ti\u1ec1n m\u1eb7t, v.v. B\u1ea1n c\u00f3 th\u1ec3 ch\u1ecdn ph\u01b0\u01a1ng th\u1ee9c thanh to\u00e1n thu\u1eadn ti\u1ec7n nh\u1ea5t.<\/p>    <p>5. Ch\u00fang t\u00f4i s\u1ebd cung c\u1ea5p cho b\u1ea1n m\u1ed9t n\u0103m d\u1ecbch v\u1ee5 h\u1eadu m\u00e3i mi\u1ec5n ph\u00ed. Ch\u00fang t\u00f4i c\u00f3 th\u1ec3 h\u01b0\u1edbng d\u1eabn kh\u00e1ch h\u00e0ng tr\u1ef1c tuy\u1ebfn v\u00e0 gi\u00fap h\u1ecd gi\u1ea3i quy\u1ebft nhi\u1ec1u v\u1ea5n \u0111\u1ec1 kh\u00e1c nhau.<\/p>    <figure class=\"wp-block-gallery has-nested-images columns-3 is-cropped wp-block-gallery-2 is-layout-flex wp-block-gallery-is-layout-flex\"> <figure class=\"wp-block-image size-large\"><img loading=\"lazy\" decoding=\"async\" width=\"720\" height=\"540\" data-id=\"482\" src=\"https:\/\/fishfoodpelletmachine.com\/wp-content\/uploads\/2022\/09\/fish-feed-pellet-machine-1-1.webp\" alt=\"\u0111\u00f3ng g\u00f3i trong h\u1ed9p g\u1ed7\" class=\"wp-image-482\" title=\"\u0111\u00f3ng g\u00f3i trong h\u1ed9p g\u1ed7\" srcset=\"https:\/\/fishfoodpelletmachine.com\/wp-content\/uploads\/2022\/09\/fish-feed-pellet-machine-1-1.webp 720w, https:\/\/fishfoodpelletmachine.com\/wp-content\/uploads\/2022\/09\/fish-feed-pellet-machine-1-1-300x225.webp 300w\" sizes=\"auto, (max-width: 720px) 100vw, 720px\" \/><figcaption>Bao b\u00ec b\u1eb1ng g\u1ed7<\/figcaption><\/figure>    <figure class=\"wp-block-image size-large\"><img loading=\"lazy\" decoding=\"async\" width=\"720\" height=\"540\" data-id=\"483\" src=\"https:\/\/fishfoodpelletmachine.com\/wp-content\/uploads\/2022\/09\/shipping-of-the-machine-.webp\" alt=\"v\u1eadn chuy\u1ec3n m\u00e1y m\u00f3c\" class=\"wp-image-483\" title=\"v\u1eadn chuy\u1ec3n m\u00e1y m\u00f3c\" srcset=\"https:\/\/fishfoodpelletmachine.com\/wp-content\/uploads\/2022\/09\/shipping-of-the-machine-.webp 720w, https:\/\/fishfoodpelletmachine.com\/wp-content\/uploads\/2022\/09\/shipping-of-the-machine--300x225.webp 300w\" sizes=\"auto, (max-width: 720px) 100vw, 720px\" \/><figcaption>V\u1eadn chuy\u1ec3n m\u00e1y<\/figcaption><\/figure> <\/figure>    <p><\/p>    <p><\/p>    <p><\/p>    <p><\/p>","protected":false},"excerpt":{"rendered":"<p>Who we are? Taizy\u00a0Machinery is a very professional and famous manufacturer of fish food pellets, pet pellets, and related machinery. Since its establishment, Taizy\u00a0Machinery has been in business for more than 20 years. The main products we produce are fish food pellet machines, pet food machines, grain crushers, mixers, dryers, seasoning machines, and so on. [&hellip;]<\/p>\n","protected":false},"author":1,"featured_media":0,"parent":0,"menu_order":0,"comment_status":"closed","ping_status":"open","template":"","meta":{"footnotes":""},"class_list":["post-3","page","type-page","status-publish","hentry"],"_links":{"self":[{"href":"https:\/\/fishfoodpelletmachine.com\/vi\/wp-json\/wp\/v2\/pages\/3","targetHints":{"allow":["GET"]}}],"collection":[{"href":"https:\/\/fishfoodpelletmachine.com\/vi\/wp-json\/wp\/v2\/pages"}],"about":[{"href":"https:\/\/fishfoodpelletmachine.com\/vi\/wp-json\/wp\/v2\/types\/page"}],"author":[{"embeddable":true,"href":"https:\/\/fishfoodpelletmachine.com\/vi\/wp-json\/wp\/v2\/users\/1"}],"replies":[{"embeddable":true,"href":"https:\/\/fishfoodpelletmachine.com\/vi\/wp-json\/wp\/v2\/comments?post=3"}],"version-history":[{"count":0,"href":"https:\/\/fishfoodpelletmachine.com\/vi\/wp-json\/wp\/v2\/pages\/3\/revisions"}],"wp:attachment":[{"href":"https:\/\/fishfoodpelletmachine.com\/vi\/wp-json\/wp\/v2\/media?parent=3"}],"curies":[{"name":"wp","href":"https:\/\/api.w.org\/{rel}","templated":true}]}}