{"id":1034,"date":"2025-11-05T14:29:19","date_gmt":"2025-11-05T06:29:19","guid":{"rendered":"https:\/\/fishfoodpelletmachine.com\/?post_type=product&#038;p=1034"},"modified":"2025-11-05T16:42:09","modified_gmt":"2025-11-05T08:42:09","slug":"fish-feed-pellet-packing-machine","status":"publish","type":"product","link":"https:\/\/fishfoodpelletmachine.com\/vi\/product\/fish-feed-pellet-packing-machine\/","title":{"rendered":"M\u00e1y \u0111\u00f3ng g\u00f3i vi\u00ean th\u1ee9c \u0103n c\u00e1"},"content":{"rendered":"<p class=\"translation-block\"><strong>M\u00e1y \u0111\u00f3ng g\u00f3i vi\u00ean th\u1ee9c \u0103n c\u00e1<\/strong> l\u00e0 thi\u1ebft b\u1ecb \u0111\u00f3ng g\u00f3i t\u1ef1 \u0111\u1ed9ng hi\u1ec7u qu\u1ea3 cao, t\u00edch h\u1ee3p c\u00e2n t\u1ef1 \u0111\u1ed9ng, t\u1ea1o t\u00fai, \u0111\u1ed5 \u0111\u1ea7y v\u00e0 ni\u00eam phong. N\u00f3 c\u00f3 c\u00e1c t\u00f9y ch\u1ecdn ni\u00eam phong 3 m\u1eb7t, 4 m\u1eb7t v\u00e0 ni\u00eam phong ph\u00eda sau. Ho\u1ea1t \u0111\u1ed9ng v\u1edbi n\u0103ng su\u1ea5t cao, \u0111\u1ea1t t\u1ed1c \u0111\u1ed9 \u0111\u00f3ng g\u00f3i l\u00ean t\u1edbi 80 t\u00fai\/ph\u00fat.<\/p>    <p>Ngo\u00e0i vi\u1ec7c \u0111\u00f3ng g\u00f3i vi\u00ean th\u1ee9c \u0103n c\u00e1, m\u00e1y \u0111\u00f3ng g\u00f3i vi\u00ean th\u1ee9c \u0103n c\u00e1 n\u00e0y c\u00f2n c\u00f3 th\u1ec3 d\u00f9ng \u0111\u1ec3 \u0111\u00f3ng g\u00f3i c\u00e1c v\u1eadt li\u1ec7u kh\u00e1c nh\u01b0 \u0111\u1eadu ph\u1ed9ng, h\u1ea1t d\u01b0a, v\u00e0 \u0111\u01b0\u1eddng tinh luy\u1ec7n. N\u1ebfu c\u1ea7n, h\u00e3y li\u00ean h\u1ec7 v\u1edbi ch\u00fang t\u00f4i ngay \u0111\u1ec3 bi\u1ebft th\u00eam th\u00f4ng tin.<\/p>    <figure class=\"wp-block-embed is-type-video is-provider-youtube wp-block-embed-youtube wp-embed-aspect-16-9 wp-has-aspect-ratio\"><div class=\"wp-block-embed__wrapper\"> <iframe loading=\"lazy\" title=\"M\u00e1y \u0111\u00f3ng g\u00f3i vi\u00ean th\u1ee9c \u0103n c\u00e1 | M\u00e1y \u0111\u1ed5 v\u00e0 \u0111\u00f3ng g\u00f3i vi\u00ean th\u1ee9c \u0103n c\u00e1 ho\u1ea1t \u0111\u1ed9ng nh\u01b0 th\u1ebf n\u00e0o?\" width=\"500\" height=\"281\" src=\"https:\/\/www.youtube.com\/embed\/lBx9_dQMcek?feature=oembed\" frameborder=\"0\" allow=\"accelerometer; autoplay; clipboard-write; encrypted-media; gyroscope; picture-in-picture; web-share\" referrerpolicy=\"strict-origin-when-cross-origin\" allowfullscreen><\/iframe> <\/div><figcaption class=\"wp-element-caption\">Video c\u00f4ng vi\u1ec7c c\u1ee7a m\u00e1y \u0111\u00f3ng g\u00f3i vi\u00ean th\u1ee9c \u0103n c\u00e1<\/figcaption><\/figure>    <h2 class=\"wp-block-heading\"><strong>C\u00e1c \u0111\u1eb7c \u0111i\u1ec3m c\u1ee7a m\u00e1y \u0111\u00f3ng g\u00f3i vi\u00ean th\u1ee9c \u0103n c\u00e1<\/strong> <strong>m\u00e1y m\u00f3c<\/strong><\/h2>    <p>M\u00e1y \u0111\u00f3ng g\u00f3i vi\u00ean th\u1ee9c \u0103n c\u00e1 n\u00e0y kh\u00f4ng ch\u1ec9 v\u01b0\u1ee3t tr\u1ed9i v\u1ec1 ch\u1ee9c n\u0103ng m\u00e0 c\u00f2n c\u00f3 l\u1ee3i th\u1ebf l\u1edbn v\u1ec1 hi\u1ec7u su\u1ea5t v\u00e0 thi\u1ebft k\u1ebf.<\/p>    <ul class=\"wp-block-list\"> <li><strong>H\u1ec7 th\u1ed1ng \u0111i\u1ec1u khi\u1ec3n th\u00f4ng minh<\/strong>: M\u00e1y \u0111\u00f3ng g\u00f3i th\u1ee9c \u0103n c\u00e1 c\u1ee7a ch\u00fang t\u00f4i s\u1eed d\u1ee5ng \u0111i\u1ec1u khi\u1ec3n chip vi x\u1eed l\u00fd ti\u00ean ti\u1ebfn, \u0111\u1ea3m b\u1ea3o ho\u1ea1t \u0111\u1ed9ng \u1ed5n \u0111\u1ecbnh, ch\u00ednh x\u00e1c v\u00e0 hi\u1ec7u qu\u1ea3.<\/li>    <li><strong>Ho\u1ea1t \u0111\u1ed9ng m\u00e0n h\u00ecnh l\u1edbn \u0111\u1ed9 ph\u00e2n gi\u1ea3i cao<\/strong>: N\u00f3 \u0111\u01b0\u1ee3c trang b\u1ecb m\u00e0n h\u00ecnh c\u1ea3m \u1ee9ng LCD 5 inch; giao di\u1ec7n tr\u1ef1c quan v\u00e0 d\u1ec5 v\u1eadn h\u00e0nh, cho ph\u00e9p ng\u01b0\u1eddi d\u00f9ng b\u1eaft \u0111\u1ea7u nhanh ch\u00f3ng.<\/li>    <li><strong>Ph\u00e1t hi\u1ec7n quang \u0111i\u1ec7n ch\u00ednh x\u00e1c cao<\/strong>: M\u00e1y \u0111\u00f9n vi\u00ean th\u1ee9c \u0103n c\u00e1 s\u1eed d\u1ee5ng h\u1ec7 th\u1ed1ng theo d\u00f5i b\u1eb1ng m\u1eaft quang \u0111i\u1ec7n \u0111\u1ec3 \u0111\u1ea3m b\u1ea3o ni\u00eam phong ch\u00ednh x\u00e1c gi\u1eefa c\u00e1c c\u1eb7p t\u00fai, t\u1ea1o ra bao b\u00ec b\u1eaft m\u1eaft.<\/li>    <li><strong>C\u1ea5u h\u00ecnh \u0111a ch\u1ee9c n\u0103ng t\u00f9y ch\u1ecdn<\/strong>: C\u00f3 th\u1ec3 trang b\u1ecb m\u00e1y in ng\u00e0y, thi\u1ebft b\u1ecb th\u1ed5i kh\u00ed ho\u1eb7c thi\u1ebft b\u1ecb th\u1ed5i \u0111\u1ec3 \u0111\u00e1p \u1ee9ng nhu c\u1ea7u \u0111\u00f3ng g\u00f3i c\u1ee7a c\u00e1c s\u1ea3n ph\u1ea9m kh\u00e1c nhau.<\/li>    <li><strong>\u1ee8ng d\u1ee5ng r\u1ed9ng r\u00e3i<\/strong>: M\u00e1y vi\u00ean th\u1ee9c \u0103n c\u00e1 Taizy kh\u00f4ng ch\u1ec9 ph\u00f9 h\u1ee3p \u0111\u1ec3 \u0111\u00f3ng g\u00f3i vi\u00ean th\u1ee9c \u0103n c\u00e1 m\u00e0 c\u00f2n c\u00f3 th\u1ec3 d\u00f9ng \u0111\u1ec3 \u0111\u00f3ng g\u00f3i c\u00e1c v\u1eadt li\u1ec7u d\u1ea1ng h\u1ea1t kh\u00e1c nh\u01b0 g\u1ea1o v\u00e0 \u0111\u1eadu ph\u1ed9ng.<\/li>    <li><strong>Ch\u1ea5t li\u1ec7u ch\u1ea5t l\u01b0\u1ee3ng cao<\/strong>: Ph\u1ea7n th\u00e2n c\u1ee7a n\u00f3 \u0111\u01b0\u1ee3c l\u00e0m b\u1eb1ng th\u00e9p kh\u00f4ng g\u1ec9, ch\u1ed1ng \u0103n m\u00f2n, d\u1ec5 v\u1ec7 sinh, v\u00e0 \u0111\u00e1p \u1ee9ng c\u00e1c ti\u00eau chu\u1ea9n an to\u00e0n th\u1ef1c ph\u1ea9m v\u00e0 v\u1ec7 sinh.<\/li>    <li><strong>V\u1eadn h\u00e0nh v\u00e0 b\u1ea3o tr\u00ec d\u1ec5 d\u00e0ng<\/strong>: Thi\u1ebft k\u1ebf c\u1ea5u tr\u00fac th\u00e2n thi\u1ec7n v\u1edbi ng\u01b0\u1eddi d\u00f9ng gi\u00fap gi\u1ea3m chi ph\u00ed v\u1eadn h\u00e0nh v\u00e0 b\u1ea3o tr\u00ec, ph\u00f9 h\u1ee3p v\u1edbi s\u1ea3n xu\u1ea5t quy m\u00f4 kh\u00e1c nhau.<\/li> <\/ul>    <figure class=\"wp-block-gallery has-nested-images columns-default is-cropped wp-block-gallery-2 is-layout-flex wp-block-gallery-is-layout-flex\"> <figure class=\"wp-block-image size-large\"><img loading=\"lazy\" decoding=\"async\" width=\"540\" height=\"720\" data-id=\"1036\" src=\"https:\/\/fishfoodpelletmachine.com\/wp-content\/uploads\/2025\/11\/fish-feed-packing-machine.webp\" alt=\"m\u00e1y \u0111\u00f3ng g\u00f3i th\u1ee9c \u0103n c\u00e1\" class=\"wp-image-1036\" title=\"\" srcset=\"https:\/\/fishfoodpelletmachine.com\/wp-content\/uploads\/2025\/11\/fish-feed-packing-machine.webp 540w, https:\/\/fishfoodpelletmachine.com\/wp-content\/uploads\/2025\/11\/fish-feed-packing-machine-225x300.webp 225w, https:\/\/fishfoodpelletmachine.com\/wp-content\/uploads\/2025\/11\/fish-feed-packing-machine-9x12.webp 9w\" sizes=\"auto, (max-width: 540px) 100vw, 540px\" \/><figcaption class=\"wp-element-caption\">M\u00e1y \u0111\u00f3ng g\u00f3i vi\u00ean th\u1ee9c \u0103n c\u00e1<\/figcaption><\/figure>    <figure class=\"wp-block-image size-large\"><img loading=\"lazy\" decoding=\"async\" width=\"540\" height=\"720\" data-id=\"1037\" src=\"https:\/\/fishfoodpelletmachine.com\/wp-content\/uploads\/2025\/11\/fish-feed-pellet-filling-and-sealing-machine.webp\" alt=\"m\u00e1y \u0111i\u1ec1n v\u00e0 h\u00e0n k\u00edn vi\u00ean th\u1ee9c \u0103n c\u00e1\" class=\"wp-image-1037\" title=\"\" srcset=\"https:\/\/fishfoodpelletmachine.com\/wp-content\/uploads\/2025\/11\/fish-feed-pellet-filling-and-sealing-machine.webp 540w, https:\/\/fishfoodpelletmachine.com\/wp-content\/uploads\/2025\/11\/fish-feed-pellet-filling-and-sealing-machine-225x300.webp 225w, https:\/\/fishfoodpelletmachine.com\/wp-content\/uploads\/2025\/11\/fish-feed-pellet-filling-and-sealing-machine-9x12.webp 9w\" sizes=\"auto, (max-width: 540px) 100vw, 540px\" \/><figcaption class=\"wp-element-caption\">M\u00e1y \u0111\u1ed5 v\u00e0 ni\u00eam phong vi\u00ean th\u1ee9c \u0103n c\u00e1<\/figcaption><\/figure> <\/figure>    <h2 class=\"wp-block-heading\"><strong>C\u1ea5u tr\u00fac c\u1ee7a m\u00e1y \u0111\u1ed5 vi\u00ean th\u1ee9c \u0103n c\u00e1<\/strong><\/h2>    <p>M\u00e1y \u0111\u00f3ng g\u00f3i vi\u00ean th\u1ee9c \u0103n c\u00e1 n\u00e0y c\u00f3 c\u1ea5u tr\u00fac nh\u1ecf g\u1ecdn, thi\u1ebft k\u1ebf h\u1ee3p l\u00fd v\u00e0 v\u1eadn h\u00e0nh th\u00e2n thi\u1ec7n v\u1edbi ng\u01b0\u1eddi d\u00f9ng. M\u00e1y \u0111\u00f3ng g\u00f3i vi\u00ean th\u1ee9c \u0103n c\u00e1 ch\u1ee7 y\u1ebfu g\u1ed3m m\u00e0n h\u00ecnh c\u1ea3m \u1ee9ng, b\u00e0n xoay, s\u01a1 \u0111\u1ed3 m\u1ea1ch \u0111i\u1ec1u khi\u1ec3n, c\u00e1c th\u00e0nh ph\u1ea7n ni\u00eam phong v\u00e0 c\u1eaft, v\u00e0 khu v\u1ef1c ni\u00eam phong ch\u00e9o.<\/p>   <div class=\"wp-block-image\"> <figure class=\"aligncenter size-full\"><img loading=\"lazy\" decoding=\"async\" width=\"720\" height=\"540\" src=\"https:\/\/fishfoodpelletmachine.com\/wp-content\/uploads\/2025\/11\/structure-of-fish-food-pellet-packer.webp\" alt=\"C\u1ea5u tr\u00fac c\u1ee7a m\u00e1y \u0111\u00f3ng g\u00f3i vi\u00ean th\u1ee9c \u0103n c\u00e1\" class=\"wp-image-1038\" title=\"\" srcset=\"https:\/\/fishfoodpelletmachine.com\/wp-content\/uploads\/2025\/11\/structure-of-fish-food-pellet-packer.webp 720w, https:\/\/fishfoodpelletmachine.com\/wp-content\/uploads\/2025\/11\/structure-of-fish-food-pellet-packer-300x225.webp 300w, https:\/\/fishfoodpelletmachine.com\/wp-content\/uploads\/2025\/11\/structure-of-fish-food-pellet-packer-16x12.webp 16w\" sizes=\"auto, (max-width: 720px) 100vw, 720px\" \/><figcaption class=\"wp-element-caption\">C\u1ea5u tr\u00fac c\u1ee7a m\u00e1y \u0111\u00f3ng g\u00f3i vi\u00ean th\u1ee9c \u0103n c\u00e1<\/figcaption><\/figure> <\/div>   <h2 class=\"wp-block-heading\"><strong>Nguy\u00ean l\u00fd ho\u1ea1t \u0111\u1ed9ng c\u1ee7a m\u00e1y \u0111\u00f3ng g\u00f3i vi\u00ean th\u1ee9c \u0103n c\u00e1<\/strong><\/h2>    <p>Quy tr\u00ecnh v\u1eadn h\u00e0nh c\u1ee7a m\u00e1y \u0111\u00f3ng g\u00f3i vi\u00ean th\u1ee9c \u0103n c\u00e1 kh\u00e1 \u0111\u01a1n gi\u1ea3n, ch\u1ee7 y\u1ebfu g\u1ed3m b\u1ed1n b\u01b0\u1edbc sau:<\/p>    <ol class=\"wp-block-list\"> <li><strong>C\u00e2n \u0111o<\/strong>: M\u00e1y n\u00e0y ph\u00e2n chia v\u1eadt li\u1ec7u th\u00e0nh c\u00e1c ph\u1ea7n theo tr\u1ecdng l\u01b0\u1ee3ng \u0111\u00e3 \u0111\u1ecbnh b\u1eb1ng c\u1ed1c \u0111o; ch\u1ec9 c\u1ea7n thay c\u1ed1c \u0111o \u0111\u1ec3 \u0111\u1ea1t c\u00e1c k\u00edch th\u01b0\u1edbc ph\u1ea7n kh\u00e1c nhau.<\/li>    <li><strong>H\u00ecnh d\u1ea1ng t\u00fai<\/strong>g: Thi\u1ebft b\u1ecb t\u1ea1o h\u00ecnh \u0111\u1ecbnh d\u1ea1ng cu\u1ed9n phim th\u00e0nh t\u00fai, \u0111\u1ea3m b\u1ea3o t\u00fai \u0111\u1ed3ng \u0111\u1ec1u v\u00e0 b\u1eaft m\u1eaft.<\/li>    <li><strong>Ph\u00e1t hi\u1ec7n v\u00e0 c\u1eaft t\u1ef1 \u0111\u1ed9ng<\/strong>: H\u1ec7 th\u1ed1ng m\u1eaft quang \u0111i\u1ec7n ph\u00e1t hi\u1ec7n chi\u1ec1u d\u00e0i t\u00fai theo th\u1eddi gian th\u1ef1c, \u0111\u1ea3m b\u1ea3o v\u1ecb tr\u00ed ni\u00eam phong v\u00e0 c\u1eaft ch\u00ednh x\u00e1c.<\/li>    <li><strong>\u0110\u1ed5 \u0111\u1ea7y v\u00e0 ni\u00eam phong<\/strong>: Thi\u1ebft b\u1ecb rung n\u00f4ng gi\u00fap v\u1eadt li\u1ec7u v\u00e0o t\u00fai nhanh h\u01a1n v\u00e0 \u0111\u1ec1u h\u01a1n, sau \u0111\u00f3 m\u00e1y t\u1ef1 \u0111\u1ed9ng ho\u00e0n th\u00e0nh vi\u1ec7c ni\u00eam phong v\u00e0 c\u1eaft.<\/li> <\/ol>    <figure class=\"wp-block-gallery has-nested-images columns-default is-cropped wp-block-gallery-3 is-layout-flex wp-block-gallery-is-layout-flex\"> <figure class=\"wp-block-image size-large\"><img loading=\"lazy\" decoding=\"async\" width=\"540\" height=\"720\" data-id=\"1041\" src=\"https:\/\/fishfoodpelletmachine.com\/wp-content\/uploads\/2025\/11\/measuring-cup-of-fish-feed-pellet-packing-machine.webp\" alt=\"c\u1ed1c \u0111o c\u1ee7a m\u00e1y \u0111\u00f3ng g\u00f3i vi\u00ean th\u1ee9c \u0103n c\u00e1\" class=\"wp-image-1041\" title=\"\" srcset=\"https:\/\/fishfoodpelletmachine.com\/wp-content\/uploads\/2025\/11\/measuring-cup-of-fish-feed-pellet-packing-machine.webp 540w, https:\/\/fishfoodpelletmachine.com\/wp-content\/uploads\/2025\/11\/measuring-cup-of-fish-feed-pellet-packing-machine-225x300.webp 225w, https:\/\/fishfoodpelletmachine.com\/wp-content\/uploads\/2025\/11\/measuring-cup-of-fish-feed-pellet-packing-machine-9x12.webp 9w\" sizes=\"auto, (max-width: 540px) 100vw, 540px\" \/><figcaption class=\"wp-element-caption\">C\u1ed1c \u0111o c\u1ee7a m\u00e1y \u0111\u00f3ng g\u00f3i vi\u00ean th\u1ee9c \u0103n c\u00e1<\/figcaption><\/figure>    <figure class=\"wp-block-image size-large\"><img loading=\"lazy\" decoding=\"async\" width=\"540\" height=\"720\" data-id=\"1039\" src=\"https:\/\/fishfoodpelletmachine.com\/wp-content\/uploads\/2025\/11\/bag-former-of-fish-food-pellet-packer.webp\" alt=\"m\u00e1y t\u1ea1o t\u00fai c\u1ee7a m\u00e1y \u0111\u00f3ng g\u00f3i vi\u00ean th\u1ee9c \u0103n c\u00e1\" class=\"wp-image-1039\" title=\"\" srcset=\"https:\/\/fishfoodpelletmachine.com\/wp-content\/uploads\/2025\/11\/bag-former-of-fish-food-pellet-packer.webp 540w, https:\/\/fishfoodpelletmachine.com\/wp-content\/uploads\/2025\/11\/bag-former-of-fish-food-pellet-packer-225x300.webp 225w, https:\/\/fishfoodpelletmachine.com\/wp-content\/uploads\/2025\/11\/bag-former-of-fish-food-pellet-packer-9x12.webp 9w\" sizes=\"auto, (max-width: 540px) 100vw, 540px\" \/><figcaption class=\"wp-element-caption\">Ph\u1ec5u t\u1ea1o t\u00fai c\u1ee7a m\u00e1y \u0111\u00f3ng g\u00f3i vi\u00ean th\u1ee9c \u0103n c\u00e1<\/figcaption><\/figure>    <figure class=\"wp-block-image size-large\"><img loading=\"lazy\" decoding=\"async\" width=\"540\" height=\"720\" data-id=\"1040\" src=\"https:\/\/fishfoodpelletmachine.com\/wp-content\/uploads\/2025\/11\/cutter-of-fish-foo-pellet-packing-equipment.webp\" alt=\"dao c\u1eaft c\u1ee7a thi\u1ebft b\u1ecb \u0111\u00f3ng g\u00f3i vi\u00ean th\u1ee9c \u0103n c\u00e1\" class=\"wp-image-1040\" title=\"\" srcset=\"https:\/\/fishfoodpelletmachine.com\/wp-content\/uploads\/2025\/11\/cutter-of-fish-foo-pellet-packing-equipment.webp 540w, https:\/\/fishfoodpelletmachine.com\/wp-content\/uploads\/2025\/11\/cutter-of-fish-foo-pellet-packing-equipment-225x300.webp 225w, https:\/\/fishfoodpelletmachine.com\/wp-content\/uploads\/2025\/11\/cutter-of-fish-foo-pellet-packing-equipment-9x12.webp 9w\" sizes=\"auto, (max-width: 540px) 100vw, 540px\" \/><figcaption class=\"wp-element-caption\">C\u00e2y c\u1eaft c\u1ee7a thi\u1ebft b\u1ecb \u0111\u00f3ng g\u00f3i vi\u00ean th\u1ee9c \u0103n c\u00e1<\/figcaption><\/figure> <\/figure>    <h2 class=\"wp-block-heading\"><strong>\u1ee8ng d\u1ee5ng c\u1ee7a m\u00e1y \u0111\u00f3ng g\u00f3i vi\u00ean th\u1ee9c \u0103n c\u00e1<\/strong><\/h2>    <p>M\u00e1y \u0111\u00f3ng g\u00f3i vi\u00ean th\u1ee9c \u0103n c\u00e1 c\u1ee7a Taizy c\u00f3 ph\u1ea1m vi \u1ee9ng d\u1ee5ng r\u1ed9ng r\u00e3i. Ngo\u00e0i vi\u1ec7c \u0111\u00f3ng g\u00f3i vi\u00ean th\u1ee9c \u0103n c\u00e1, n\u00f3 c\u00f2n c\u00f3 th\u1ec3 d\u00f9ng \u0111\u1ec3 \u0111\u00f3ng g\u00f3i c\u00e1c v\u1eadt li\u1ec7u kh\u00e1c nh\u01b0 h\u1ea1t d\u01b0a, k\u1eb9o, \u0111\u01b0\u1eddng, b\u1ecfng ng\u00f4, cacao, mu\u1ed1i, v\u00e0 g\u1ea1o.<\/p>   <div class=\"wp-block-image\"> <figure class=\"aligncenter size-full\"><img loading=\"lazy\" decoding=\"async\" width=\"720\" height=\"540\" src=\"https:\/\/fishfoodpelletmachine.com\/wp-content\/uploads\/2025\/11\/application-of-fish-feed-pellet-packer-machine.webp\" alt=\"\u1ee8ng d\u1ee5ng c\u1ee7a m\u00e1y \u0111\u00f3ng g\u00f3i vi\u00ean th\u1ee9c \u0103n c\u00e1\" class=\"wp-image-1043\" title=\"\" srcset=\"https:\/\/fishfoodpelletmachine.com\/wp-content\/uploads\/2025\/11\/application-of-fish-feed-pellet-packer-machine.webp 720w, https:\/\/fishfoodpelletmachine.com\/wp-content\/uploads\/2025\/11\/application-of-fish-feed-pellet-packer-machine-300x225.webp 300w, https:\/\/fishfoodpelletmachine.com\/wp-content\/uploads\/2025\/11\/application-of-fish-feed-pellet-packer-machine-16x12.webp 16w\" sizes=\"auto, (max-width: 720px) 100vw, 720px\" \/><figcaption class=\"wp-element-caption\">\u1ee8ng d\u1ee5ng c\u1ee7a m\u00e1y \u0111\u00f3ng g\u00f3i vi\u00ean th\u1ee9c \u0103n c\u00e1<\/figcaption><\/figure> <\/div>   <h2 class=\"wp-block-heading\"><strong>Th\u00f4ng s\u1ed1 k\u1ef9 thu\u1eadt c\u1ee7a m\u00e1y \u0111\u1ed5 v\u00e0 \u0111\u00f3ng g\u00f3i vi\u00ean th\u1ee9c \u0103n c\u00e1<\/strong><\/h2>    <p>M\u00e1y \u0111\u00f3ng g\u00f3i vi\u00ean th\u1ee9c \u0103n c\u00e1 n\u00e0y c\u00f3 hai m\u1eabu: TZ-320 v\u00e0 TZ-450. C\u00e1c th\u00f4ng s\u1ed1 c\u1ee5 th\u1ec3 nh\u01b0 sau: <\/p>    <figure class=\"wp-block-table\"><table class=\"has-fixed-layout\"><tbody><tr><td>Ng\u01b0\u1eddi m\u1eabu<\/td><td>TZ-320<\/td><td>TZ-450<\/td><\/tr><tr><td>Ki\u1ec3u d\u00e1ng t\u00fai<\/td><td>Ni\u00eam phong ph\u00eda sau, ni\u00eam phong 3 m\u1eb7t, ni\u00eam phong 4 m\u1eb7t<\/td><td>Ni\u00eam phong ph\u00eda sau, ni\u00eam phong 3 m\u1eb7t, ni\u00eam phong 4 m\u1eb7t<\/td><\/tr><tr><td>Chi\u1ec1u r\u1ed9ng t\u00fai<\/td><td>20-150mm<\/td><td>20-200mm<\/td><\/tr><tr><td>Chi\u1ec1u d\u00e0i t\u00fai<\/td><td>30-180mm<\/td><td>30-180mm<\/td><\/tr><tr><td>Chi\u1ec1u r\u1ed9ng m\u00e0ng<\/td><td>300mm(t\u1ed1i \u0111a)<\/td><td>430mm(t\u1ed1i \u0111a\uff09<\/td><\/tr><tr><td>Tr\u1ecdng l\u01b0\u1ee3ng \u0111\u00f3ng g\u00f3i<\/td><td>0-200g<\/td><td>0-1000g<\/td><\/tr><tr><td>T\u1ed1c \u0111\u1ed9 \u0111\u00f3ng g\u00f3i<\/td><td>20-80 t\u00fai\/ph\u00fat<\/td><td>20-80 t\u00fai\/ph\u00fat<\/td><\/tr><tr><td>Ti\u00eau th\u1ee5 \u0111i\u1ec7n n\u0103ng<\/td><td>1.8kw<\/td><td>2,2kw<\/td><\/tr><tr><td>Tr\u1ecdng l\u01b0\u1ee3ng m\u00e1y<\/td><td>250kg<\/td><td>420kg<\/td><\/tr><tr><td>K\u00edch th\u01b0\u1edbc<\/td><td>650*1050*1950mm<\/td><td>750*750*2100mm<\/td><\/tr><\/tbody><\/table><figcaption class=\"wp-element-caption\">Th\u00f4ng s\u1ed1 c\u1ee7a m\u00e1y \u0111\u00f3ng g\u00f3i vi\u00ean th\u1ee9c \u0103n c\u00e1<\/figcaption><\/figure>    <h2 class=\"wp-block-heading\"><strong>Gi\u00e1 c\u1ee7a m\u00e1y \u0111\u00f3ng g\u00f3i vi\u00ean th\u1ee9c \u0103n c\u00e1 l\u00e0 bao nhi\u00eau?<\/strong><\/h2>    <p>Gi\u00e1 c\u1ee7a c\u00e1c m\u00e1y \u0111\u00f3ng g\u00f3i vi\u00ean th\u1ee9c \u0103n c\u00e1 b\u1ecb \u1ea3nh h\u01b0\u1edfng b\u1edfi nhi\u1ec1u y\u1ebfu t\u1ed1, nh\u01b0 c\u00f4ng su\u1ea5t s\u1ea3n xu\u1ea5t, m\u1ee9c \u0111\u1ed9 t\u1ef1 \u0111\u1ed9ng h\u00f3a, v\u00e0 c\u00e1c c\u1ea5u h\u00ecnh b\u1ed5 sung. Khi ch\u1ecdn m\u00e1y \u0111\u00f3ng g\u00f3i vi\u00ean th\u1ee9c \u0103n c\u00e1, c\u1ea7n xem x\u00e9t to\u00e0n di\u1ec7n c\u00e1c y\u1ebfu t\u1ed1 nh\u01b0 quy m\u00f4 s\u1ea3n xu\u1ea5t, ch\u1ea5t l\u01b0\u1ee3ng m\u00e1y v\u00e0 gi\u00e1 c\u1ea3.<\/p>   <div class=\"wp-block-image\"> <figure class=\"aligncenter size-full\"><img loading=\"lazy\" decoding=\"async\" width=\"720\" height=\"540\" src=\"https:\/\/fishfoodpelletmachine.com\/wp-content\/uploads\/2025\/11\/fish-food-pellet-packaging-machine.webp\" alt=\"m\u00e1y \u0111\u00f3ng g\u00f3i vi\u00ean th\u1ee9c \u0103n c\u00e1\" class=\"wp-image-1042\" title=\"\" srcset=\"https:\/\/fishfoodpelletmachine.com\/wp-content\/uploads\/2025\/11\/fish-food-pellet-packaging-machine.webp 720w, https:\/\/fishfoodpelletmachine.com\/wp-content\/uploads\/2025\/11\/fish-food-pellet-packaging-machine-300x225.webp 300w, https:\/\/fishfoodpelletmachine.com\/wp-content\/uploads\/2025\/11\/fish-food-pellet-packaging-machine-16x12.webp 16w\" sizes=\"auto, (max-width: 720px) 100vw, 720px\" \/><figcaption class=\"wp-element-caption\">m\u00e1y \u0111\u00f3ng g\u00f3i vi\u00ean th\u1ee9c \u0103n c\u00e1<\/figcaption><\/figure> <\/div>   <h2 class=\"wp-block-heading\">T\u1ea1i sao ch\u1ecdn Taizy l\u00e0m nh\u00e0 cung c\u1ea5p c\u1ee7a b\u1ea1n?<\/h2>    <p>Taizy, v\u1edbi t\u01b0 c\u00e1ch l\u00e0 nh\u00e0 cung c\u1ea5p thi\u1ebft b\u1ecb \u0111\u00f3ng g\u00f3i chuy\u00ean nghi\u1ec7p, cung c\u1ea5p m\u00e1y \u0111\u00f3ng g\u00f3i vi\u00ean th\u1ee9c \u0103n c\u00e1 \u0111\u01b0\u1ee3c kh\u00e1ch h\u00e0ng \u0111\u00e1nh gi\u00e1 cao v\u1ec1 ch\u1ea5t l\u01b0\u1ee3ng v\u00e0 d\u1ecbch v\u1ee5.<\/p>    <ul class=\"wp-block-list\"> <li>Thi\u1ebft b\u1ecb c\u00f3 hi\u1ec7u su\u1ea5t \u1ed5n \u0111\u1ecbnh, \u0111\u1ed9 ch\u00ednh x\u00e1c cao v\u00e0 ho\u1ea1t \u0111\u1ed9ng \u0111\u00e1ng tin c\u1eady.<\/li>    <li>C\u00e1c th\u00f4ng s\u1ed1 \u0111\u00f3ng g\u00f3i v\u00e0 v\u1eadt li\u1ec7u t\u00f9y ch\u1ec9nh c\u00f3 s\u1eb5n.<\/li>    <li>Cung c\u1ea5p l\u1eafp \u0111\u1eb7t, ch\u1ea1y th\u1eed, h\u01b0\u1edbng d\u1eabn k\u1ef9 thu\u1eadt v\u00e0 h\u1ed7 tr\u1ee3 sau b\u00e1n h\u00e0ng.<\/li>    <li>V\u1eadn chuy\u1ec3n to\u00e0n c\u1ea7u c\u00f3 s\u1eb5n, d\u1ef1a tr\u00ean kinh nghi\u1ec7m xu\u1ea5t kh\u1ea9u r\u1ed9ng r\u00e3i, v\u1edbi c\u00e1c s\u1ea3n ph\u1ea9m \u0111\u01b0\u1ee3c b\u00e1n \u0111\u1ebfn \u0110\u00f4ng Nam \u00c1, Ch\u00e2u Phi, Trung \u0110\u00f4ng v\u00e0 c\u00e1c khu v\u1ef1c kh\u00e1c.<\/li> <\/ul>    <figure class=\"wp-block-gallery has-nested-images columns-default is-cropped wp-block-gallery-4 is-layout-flex wp-block-gallery-is-layout-flex\"> <figure class=\"wp-block-image size-large\"><img loading=\"lazy\" decoding=\"async\" width=\"720\" height=\"540\" data-id=\"1044\" src=\"https:\/\/fishfoodpelletmachine.com\/wp-content\/uploads\/2025\/11\/factory-of-fish-feed-pellet-filling-and-packing-machine.webp\" alt=\"Nh\u00e0 m\u00e1y \u0111\u1ed5 v\u00e0 \u0111\u00f3ng g\u00f3i vi\u00ean th\u1ee9c \u0103n c\u00e1\" class=\"wp-image-1044\" title=\"\" srcset=\"https:\/\/fishfoodpelletmachine.com\/wp-content\/uploads\/2025\/11\/factory-of-fish-feed-pellet-filling-and-packing-machine.webp 720w, https:\/\/fishfoodpelletmachine.com\/wp-content\/uploads\/2025\/11\/factory-of-fish-feed-pellet-filling-and-packing-machine-300x225.webp 300w, https:\/\/fishfoodpelletmachine.com\/wp-content\/uploads\/2025\/11\/factory-of-fish-feed-pellet-filling-and-packing-machine-16x12.webp 16w\" sizes=\"auto, (max-width: 720px) 100vw, 720px\" \/><figcaption class=\"wp-element-caption\">Nh\u00e0 m\u00e1y \u0111\u1ed5 v\u00e0 \u0111\u00f3ng g\u00f3i vi\u00ean th\u1ee9c \u0103n c\u00e1<\/figcaption><\/figure>    <figure class=\"wp-block-image size-large\"><img loading=\"lazy\" decoding=\"async\" width=\"720\" height=\"540\" data-id=\"1011\" src=\"https:\/\/fishfoodpelletmachine.com\/wp-content\/uploads\/2025\/09\/our-company.webp\" alt=\"c\u00f4ng ty ch\u00fang t\u00f4i\" class=\"wp-image-1011\" title=\"\" srcset=\"https:\/\/fishfoodpelletmachine.com\/wp-content\/uploads\/2025\/09\/our-company.webp 720w, https:\/\/fishfoodpelletmachine.com\/wp-content\/uploads\/2025\/09\/our-company-300x225.webp 300w, https:\/\/fishfoodpelletmachine.com\/wp-content\/uploads\/2025\/09\/our-company-16x12.webp 16w\" sizes=\"auto, (max-width: 720px) 100vw, 720px\" \/><figcaption class=\"wp-element-caption\">Our Company<\/figcaption><\/figure>    <figure class=\"wp-block-image size-large\"><img loading=\"lazy\" decoding=\"async\" width=\"720\" height=\"540\" data-id=\"1045\" src=\"https:\/\/fishfoodpelletmachine.com\/wp-content\/uploads\/2025\/11\/our-customer.webp\" alt=\"kh\u00e1ch h\u00e0ng c\u1ee7a ch\u00fang t\u00f4i\" class=\"wp-image-1045\" title=\"\" srcset=\"https:\/\/fishfoodpelletmachine.com\/wp-content\/uploads\/2025\/11\/our-customer.webp 720w, https:\/\/fishfoodpelletmachine.com\/wp-content\/uploads\/2025\/11\/our-customer-300x225.webp 300w, https:\/\/fishfoodpelletmachine.com\/wp-content\/uploads\/2025\/11\/our-customer-16x12.webp 16w\" sizes=\"auto, (max-width: 720px) 100vw, 720px\" \/><figcaption class=\"wp-element-caption\">Kh\u00e1ch h\u00e0ng c\u1ee7a ch\u00fang t\u00f4i<\/figcaption><\/figure> <\/figure>    <h2 class=\"wp-block-heading\"><strong>Li\u00ean h\u1ec7 v\u1edbi ch\u00fang t\u00f4i ngay l\u1eadp t\u1ee9c\uff01<\/strong><\/h2>    <p>M\u00e1y \u0111\u00f3ng g\u00f3i vi\u00ean th\u1ee9c \u0103n c\u00e1 n\u00e2ng cao ch\u1ea5t l\u01b0\u1ee3ng v\u00e0 hi\u1ec7u qu\u1ea3 \u0111\u00f3ng g\u00f3i nh\u1edd thi\u1ebft k\u1ebf ch\u00ednh x\u00e1c v\u00e0 th\u00f4ng minh. N\u00f3 gi\u00fap \u0111\u01a1n gi\u1ea3n h\u00f3a quy tr\u00ecnh, ti\u1ebft ki\u1ec7m lao \u0111\u1ed9ng v\u00e0 x\u00e2y d\u1ef1ng h\u00ecnh \u1ea3nh th\u01b0\u01a1ng hi\u1ec7u chuy\u00ean nghi\u1ec7p h\u01a1n.<\/p>    <p class=\"translation-block\">Ngo\u00e0i ra, Taizy cung c\u1ea5p m\u00e1y ch\u1ebf bi\u1ebfn vi\u00ean th\u1ee9c \u0103n c\u00e1 \u1ed5n \u0111\u1ecbnh <a href=\"https:\/\/fishfoodpelletmachine.com\/vi\/product\/fish-pellet-making-machine\/\">m\u00e1y l\u00e0m vi\u00ean th\u1ee9c \u0103n c\u00e1<\/a> c\u00f3 th\u1ec3 k\u1ebft h\u1ee3p v\u1edbi m\u00e1y \u0111\u00f3ng g\u00f3i \u0111\u1ec3 \u0111\u1ea1t \u0111\u01b0\u1ee3c s\u1ea3n xu\u1ea5t t\u1ef1 \u0111\u1ed9ng ho\u00e0n to\u00e0n t\u1eeb nghi\u1ec1n th\u1ee9c \u0103n \u0111\u1ebfn \u0111\u00f3ng g\u00f3i. Li\u00ean h\u1ec7 v\u1edbi ch\u00fang t\u00f4i b\u1ea5t c\u1ee9 l\u00fac n\u00e0o n\u1ebfu b\u1ea1n c\u00f3 nhu c\u1ea7u!<\/p>","protected":false},"excerpt":{"rendered":"<p>The fish feed pellet packing machine is a highly efficient automated packaging device that integrates automatic weighing, bag making, filling, and sealing. It offers 3-side seal, 4-side sealing, and back seal options. It operates at a high efficiency, achieving a packaging speed of up to 80bags\/min. In addition to packaging fish food pellets, this fish [&hellip;]<\/p>\n","protected":false},"author":1,"featured_media":1035,"parent":0,"template":"","tags":[52,77],"product-type":[5],"class_list":["post-1034","product","type-product","status-publish","has-post-thumbnail","hentry","tag-fish-feed","tag-fish-feed-pellet","product-type-fish-feed-pellet-machine"],"_links":{"self":[{"href":"https:\/\/fishfoodpelletmachine.com\/vi\/wp-json\/wp\/v2\/product\/1034","targetHints":{"allow":["GET"]}}],"collection":[{"href":"https:\/\/fishfoodpelletmachine.com\/vi\/wp-json\/wp\/v2\/product"}],"about":[{"href":"https:\/\/fishfoodpelletmachine.com\/vi\/wp-json\/wp\/v2\/types\/product"}],"author":[{"embeddable":true,"href":"https:\/\/fishfoodpelletmachine.com\/vi\/wp-json\/wp\/v2\/users\/1"}],"wp:featuredmedia":[{"embeddable":true,"href":"https:\/\/fishfoodpelletmachine.com\/vi\/wp-json\/wp\/v2\/media\/1035"}],"wp:attachment":[{"href":"https:\/\/fishfoodpelletmachine.com\/vi\/wp-json\/wp\/v2\/media?parent=1034"}],"wp:term":[{"taxonomy":"post_tag","embeddable":true,"href":"https:\/\/fishfoodpelletmachine.com\/vi\/wp-json\/wp\/v2\/tags?post=1034"},{"taxonomy":"product-type","embeddable":true,"href":"https:\/\/fishfoodpelletmachine.com\/vi\/wp-json\/wp\/v2\/product-type?post=1034"}],"curies":[{"name":"wp","href":"https:\/\/api.w.org\/{rel}","templated":true}]}}