{"id":213,"date":"2022-08-09T07:14:49","date_gmt":"2022-08-09T07:14:49","guid":{"rendered":"https:\/\/fishfoodpelletmachine.com\/?post_type=product&#038;p=213"},"modified":"2022-09-26T18:32:59","modified_gmt":"2022-09-26T10:32:59","slug":"feed-grinder-and-mixer","status":"publish","type":"product","link":"https:\/\/fishfoodpelletmachine.com\/vi\/product\/feed-grinder-and-mixer\/","title":{"rendered":"M\u00e1y xay v\u00e0 tr\u1ed9n th\u1ee9c \u0103n ch\u0103n nu\u00f4i \u4e28m\u00e1y tr\u1ed9n th\u1ee9c \u0103n gia c\u1ea7m"},"content":{"rendered":"<p>M\u00e1y xay v\u00e0 tr\u1ed9n th\u1ee9c \u0103n ch\u0103n nu\u00f4i l\u00e0 lo\u1ea1i m\u00e1y c\u00f3 th\u1ec3 nghi\u1ec1n v\u00e0 tr\u1ed9n c\u00e1c lo\u1ea1i ng\u0169 c\u1ed1c kh\u00e1c nhau. M\u00e1y t\u00edch h\u1ee3p n\u00e2ng th\u1eb3ng \u0111\u1ee9ng, th\u00f9ng tr\u1ed9n v\u00e0 c\u1ea5p li\u1ec7u ngang th\u00e0nh m\u1ed9t. Do \u0111\u00f3, n\u00f3 c\u00f3 \u01b0u \u0111i\u1ec3m l\u00e0 c\u1ea5u tr\u00fac nh\u1ecf g\u1ecdn, \u0111\u1ea7u t\u01b0 m\u1ed9t l\u1ea7n nh\u1ecf, ti\u1ebft ki\u1ec7m v\u00e0 thi\u1ebft th\u1ef1c, di\u1ec7n t\u00edch nh\u1ecf, v.v.<\/p>    <h2 class=\"wp-block-heading\" id=\"h-what-are-the-feed-grinder-and-mixer\">M\u00e1y xay v\u00e0 tr\u1ed9n th\u1ee9c \u0103n ch\u0103n nu\u00f4i l\u00e0 g\u00ec?<\/h2>    <p class=\"translation-block\">M\u00e1y nghi\u1ec1n v\u00e0 tr\u1ed9n th\u1ee9c \u0103n ch\u0103n nu\u00f4i c\u00f3 hai b\u1ed9 ph\u1eadn, m\u1ed9t b\u1ed9 ph\u1eadn \u0111\u1ec3 nghi\u1ec1n h\u1ea1t v\u00e0 m\u1ed9t b\u1ed9 ph\u1eadn \u0111\u1ec3 tr\u1ed9n b\u1ed9t h\u1ea1t. Nguy\u00ean li\u1ec7u \u0111\u00e3 qua x\u1eed l\u00fd s\u1ebd \u0111i qua m\u00e1y nghi\u1ec1n tr\u01b0\u1edbc r\u1ed3i m\u1edbi v\u00e0o b\u1ed9 ph\u1eadn tr\u1ed9n. S\u1ea3n ph\u1ea9m cu\u1ed1i c\u00f9ng l\u00e0 b\u1ed9t h\u1ea1t \u0111\u01b0\u1ee3c tr\u1ed9n \u0111\u1ec1u. Ch\u00fang t\u00f4i s\u1ea3n xu\u1ea5t c\u00e1c m\u1eabu m\u00e1y nghi\u1ec1n v\u00e0 tr\u1ed9n th\u1ee9c \u0103n ch\u0103n nu\u00f4i kh\u00e1c nhau. N\u00f3 c\u00f3 th\u1ec3 \u0111\u00e1p \u1ee9ng nhu c\u1ea7u kh\u00e1c nhau c\u1ee7a m\u1ecdi ng\u01b0\u1eddi v\u1ec1 s\u1ea3n l\u01b0\u1ee3ng. Ngo\u00e0i ra, ch\u00fang t\u00f4i c\u00f3 <a href=\"https:\/\/www.agriculture-machine.com\/hammer-mill-machine\/\" target=\"_blank\" rel=\"noopener\">9FQ<\/a>, l\u00e0 m\u00e1y c\u0169ng c\u00f3 th\u1ec3 nghi\u1ec1n nguy\u00ean li\u1ec7u.  <\/p>    <figure class=\"wp-block-image size-full\"><img loading=\"lazy\" decoding=\"async\" width=\"720\" height=\"540\" src=\"https:\/\/fishfoodpelletmachine.com\/wp-content\/uploads\/2022\/09\/poultry-feed-mixer-machine-.webp\" alt=\"m\u00e1y tr\u1ed9n th\u1ee9c \u0103n gia c\u1ea7m\" class=\"wp-image-341\" title=\"m\u00e1y tr\u1ed9n th\u1ee9c \u0103n gia c\u1ea7m\" srcset=\"https:\/\/fishfoodpelletmachine.com\/wp-content\/uploads\/2022\/09\/poultry-feed-mixer-machine-.webp 720w, https:\/\/fishfoodpelletmachine.com\/wp-content\/uploads\/2022\/09\/poultry-feed-mixer-machine--300x225.webp 300w\" sizes=\"auto, (max-width: 720px) 100vw, 720px\" \/><figcaption>M\u00e1y tr\u1ed9n th\u1ee9c \u0103n gia c\u1ea7m<\/figcaption><\/figure>    <h2 class=\"wp-block-heading\">Th\u00f4ng tin chi ti\u1ebft v\u1ec1 m\u00e1y tr\u1ed9n th\u1ee9c \u0103n gia c\u1ea7m<\/h2>    <figure class=\"wp-block-table\"><table><tbody><tr><td>Ng\u01b0\u1eddi m\u1eabu<\/td><td>M\u00e1y nghi\u1ec1n \u0111i\u1ec7n<\/td><td>C\u00f4ng su\u1ea5t m\u00e1y tr\u1ed9n<\/td><td>C\u00f4ng su\u1ea5t (kg\/h)<\/td><td>K\u00edch th\u01b0\u1edbc (mm)<\/td><td>Tr\u1ecdng l\u01b0\u1ee3ng(kg)<\/td><\/tr><tr><td>FJ-500<\/td><td>7,5-11kw<\/td><td>3kw<\/td><td>500-700<\/td><td>2300*1050*2500<\/td><td>430<\/td><\/tr><tr><td>FJ-750<\/td><td>7,5-11kw<\/td><td>3kw<\/td><td>700-900<\/td><td>2350*1160*2600<\/td><td>460<\/td><\/tr><tr><td>FJ-1000<\/td><td>7,5-15kw<\/td><td>3-4kw<\/td><td>1000-1500<\/td><td>2400*1300*2900<\/td><td>540<\/td><\/tr><tr><td>FJ-1500<\/td><td>11-15kw<\/td><td>4kw<\/td><td>1500-2000<\/td><td>2798*1200*3020<\/td><td>800<\/td><\/tr><tr><td>FJ-2000<\/td><td>11-15kw<\/td><td>4kw<\/td><td>2000-2500<\/td><td>2800*1750*3100<\/td><td>1000<\/td><\/tr><\/tbody><\/table><figcaption>Th\u00f4ng s\u1ed1 c\u1ee7a m\u00e1y tr\u1ed9n th\u1ee9c \u0103n gia c\u1ea7m<\/figcaption><\/figure>    <h2 class=\"wp-block-heading\">S\u1ee9c m\u1ea1nh c\u1ee7a m\u00e1y tr\u1ed9n th\u1ee9c \u0103n ch\u0103n nu\u00f4i l\u00e0 g\u00ec?<\/h2>    <p>S\u1ee9c m\u1ea1nh c\u1ee7a m\u00e1y nghi\u1ec1n v\u00e0 tr\u1ed9n th\u1ee9c \u0103n n\u00e0y c\u00f3 th\u1ec3 l\u00e0 \u0111\u1ed9ng c\u01a1 \u0111i\u1ec7n v\u00e0 \u0111\u1ed9ng c\u01a1 diesel. M\u00e1y \u0111\u01b0\u1ee3c k\u1ebft c\u1ea5u g\u1ed3m hai ph\u1ea7n, \u0111\u1ec1u c\u00f3 th\u1ec3 s\u1eed d\u1ee5ng \u0111\u1ed9ng c\u01a1 \u0111i\u1ec7n ho\u1eb7c \u0111\u1ed9ng c\u01a1 diesel. Kh\u00e1ch h\u00e0ng c\u00f3 th\u1ec3 l\u1ef1a ch\u1ecdn theo nhu c\u1ea7u c\u1ee7a m\u00ecnh.<\/p>    <figure class=\"wp-block-gallery has-nested-images columns-default is-cropped wp-block-gallery-2 is-layout-flex wp-block-gallery-is-layout-flex\"> <figure class=\"wp-block-image size-large\"><img loading=\"lazy\" decoding=\"async\" width=\"720\" height=\"540\" data-id=\"241\" src=\"https:\/\/fishfoodpelletmachine.com\/wp-content\/uploads\/2022\/08\/feed-grinder-and-mixer-1-1.jpg\" alt=\"\" class=\"wp-image-241\" title=\"\" srcset=\"https:\/\/fishfoodpelletmachine.com\/wp-content\/uploads\/2022\/08\/feed-grinder-and-mixer-1-1.jpg 720w, https:\/\/fishfoodpelletmachine.com\/wp-content\/uploads\/2022\/08\/feed-grinder-and-mixer-1-1-300x225.jpg 300w\" sizes=\"auto, (max-width: 720px) 100vw, 720px\" \/><\/figure>    <figure class=\"wp-block-image size-large\"><img loading=\"lazy\" decoding=\"async\" width=\"720\" height=\"540\" data-id=\"242\" src=\"https:\/\/fishfoodpelletmachine.com\/wp-content\/uploads\/2022\/08\/feed-mixer-machine-.jpg\" alt=\"S\u1ee9c m\u1ea1nh c\u1ee7a m\u00e1y tr\u1ed9n th\u1ee9c \u0103n ch\u0103n nu\u00f4i l\u00e0 g\u00ec?\" class=\"wp-image-242\" title=\"S\u1ee9c m\u1ea1nh c\u1ee7a m\u00e1y tr\u1ed9n th\u1ee9c \u0103n ch\u0103n nu\u00f4i l\u00e0 g\u00ec?\" srcset=\"https:\/\/fishfoodpelletmachine.com\/wp-content\/uploads\/2022\/08\/feed-mixer-machine-.jpg 720w, https:\/\/fishfoodpelletmachine.com\/wp-content\/uploads\/2022\/08\/feed-mixer-machine--300x225.jpg 300w\" sizes=\"auto, (max-width: 720px) 100vw, 720px\" \/><figcaption>S\u1ee9c m\u1ea1nh c\u1ee7a m\u00e1y tr\u1ed9n th\u1ee9c \u0103n ch\u0103n nu\u00f4i l\u00e0 g\u00ec?<\/figcaption><\/figure> <\/figure>    <h2 class=\"wp-block-heading\">Ph\u1ea1m vi s\u1eed d\u1ee5ng c\u1ee7a m\u00e1y tr\u1ed9n th\u1ee9c \u0103n gia c\u1ea7m<\/h2>    <p class=\"translation-block\"><strong>Nguy\u00ean li\u1ec7u: <\/strong>M\u00e1y nghi\u1ec1n v\u00e0 tr\u1ed9n th\u1ee9c \u0103n ch\u0103n nu\u00f4i l\u00e0 thi\u1ebft b\u1ecb ch\u1ebf bi\u1ebfn th\u1ee9c \u0103n chuy\u00ean nghi\u1ec7p \u0111\u1ec3 x\u1eed l\u00fd ng\u00f4, \u0111\u1eadu, l\u00faa m\u00ec, l\u00faa mi\u1ebfn v\u00e0 c\u00e1c lo\u1ea1i ng\u0169 c\u1ed1c kh\u00e1c.<br><strong>C\u00f4ng d\u1ee5ng: <\/strong>Nguy\u00ean li\u1ec7u \u0111\u00e3 qua x\u1eed l\u00fd c\u00f3 th\u1ec3 d\u00f9ng \u0111\u1ec3 nu\u00f4i l\u1ee3n, b\u00f2, ng\u1ef1a, th\u1ecf, g\u00e0, c\u00e1, v.v.<br><strong>\u0110\u1ed1i t\u01b0\u1ee3ng s\u1eed d\u1ee5ng: <\/strong>M\u00e1y c\u00f3 gi\u00e1 c\u1ea3 kinh t\u1ebf v\u00e0 ph\u00f9 h\u1ee3p v\u1edbi ng\u01b0\u1eddi ch\u0103n nu\u00f4i \u1edf n\u00f4ng th\u00f4n, trang tr\u1ea1i nh\u1ecf v\u00e0 nh\u00e0 m\u00e1y s\u1ea3n xu\u1ea5t th\u1ee9c \u0103n h\u1ed7n h\u1ee3p quy m\u00f4 nh\u1ecf v\u00e0 v\u1eeba.<\/p>    <h2 class=\"wp-block-heading\">C\u1ea5u tr\u00fac c\u1ee7a m\u00e1y tr\u1ed9n th\u1ee9c \u0103n l\u00e0 g\u00ec?<\/h2>    <p>M\u00e1y tr\u1ed9n nghi\u1ec1n ch\u1ee9a \u0111\u1ea7u v\u00e0o th\u1ee9c \u0103n, m\u00e1y nghi\u1ec1n, m\u00e1y tr\u1ed9n, \u0111\u1ea7u v\u00e0o, \u0111\u1ea7u ra v\u00e0 ngu\u1ed3n \u0111i\u1ec7n c\u1ee7a h\u1ea1t linh tinh. C\u1ea5u tr\u00fac t\u1ed5ng th\u1ec3 \u0111\u01a1n gi\u1ea3n, d\u1ec5 v\u1eadn h\u00e0nh v\u00e0 bao ph\u1ee7 m\u1ed9t di\u1ec7n t\u00edch nh\u1ecf.<\/p>    <figure class=\"wp-block-image size-full\"><img loading=\"lazy\" decoding=\"async\" width=\"720\" height=\"540\" src=\"https:\/\/fishfoodpelletmachine.com\/wp-content\/uploads\/2022\/09\/structure-of-the-feed-mixer-machine-.webp\" alt=\"C\u1ea5u tr\u00fac c\u1ee7a m\u00e1y tr\u1ed9n th\u1ee9c \u0103n\" class=\"wp-image-339\" title=\"C\u1ea5u tr\u00fac c\u1ee7a m\u00e1y tr\u1ed9n th\u1ee9c \u0103n\" srcset=\"https:\/\/fishfoodpelletmachine.com\/wp-content\/uploads\/2022\/09\/structure-of-the-feed-mixer-machine-.webp 720w, https:\/\/fishfoodpelletmachine.com\/wp-content\/uploads\/2022\/09\/structure-of-the-feed-mixer-machine--300x225.webp 300w\" sizes=\"auto, (max-width: 720px) 100vw, 720px\" \/><figcaption>C\u1ea5u tr\u00fac c\u1ee7a m\u00e1y tr\u1ed9n th\u1ee9c \u0103n ch\u0103n nu\u00f4i<\/figcaption><\/figure>    <h2 class=\"wp-block-heading\">M\u00e1y xay v\u00e0 tr\u1ed9n th\u1ee9c \u0103n ch\u0103n nu\u00f4i ho\u1ea1t \u0111\u1ed9ng nh\u01b0 th\u1ebf n\u00e0o?<\/h2>    <ol class=\"wp-block-list\" id=\"block-99763d7b-84c6-4ed3-94e1-4bf04f7dcea9\"><li><strong>Ph\u1ea7n m\u00e1y nghi\u1ec1n: <\/strong>Khi v\u1eadt li\u1ec7u b\u1ecb h\u00fat ho\u1eb7c \u0111\u01b0a v\u00e0o bu\u1ed3ng nghi\u1ec1n b\u1ecb v\u1ee1, l\u01b0\u1ee1i b\u00faa s\u1ebd li\u00ean t\u1ee5c \u0111\u1eadp v\u00e0 va ch\u1ea1m v\u1edbi v\u1eadt li\u1ec7u. V\u00ec v\u1eady, v\u1eadt li\u1ec7u s\u1ebd nhanh ch\u00f3ng b\u1ecb v\u1ee1 th\u00e0nh d\u1ea1ng b\u1ed9t ho\u1eb7c d\u1ea1ng h\u1ea1t. Sau \u0111\u00f3 b\u1eb1ng l\u1ef1c ly t\u00e2m ho\u1eb7c lu\u1ed3ng kh\u00f4ng kh\u00ed, v\u1eadt li\u1ec7u \u0111\u01b0\u1ee3c th\u1ea3i v\u00e0o bu\u1ed3ng c\u00e1nh qu\u1ea1t ph\u00eda d\u01b0\u1edbi m\u00e1y nghi\u1ec1n qua m\u00e0n h\u00ecnh.<\/li><li><strong>C\u01a1 ch\u1ebf tr\u1ed9n:<\/strong> Khi c\u00e1nh qu\u1ea1t nguy\u00ean li\u1ec7u quay \u0111\u1ec3 n\u00e2ng nguy\u00ean li\u1ec7u l\u00ean \u0111\u1ec9nh th\u00f9ng tr\u1ed9n. L\u00fac n\u00e0y nguy\u00ean li\u1ec7u \u0111\u01b0\u1ee3c n\u00e9m \u0111\u1ec1u v\u00e0o th\u00f9ng tr\u1ed9n, th\u00f9ng tr\u1ed9n c\u00f3 t\u00e1c d\u1ee5ng tr\u1ed9n \u0111\u1ec1u nguy\u00ean li\u1ec7u.<\/li><\/ol>    <h2 class=\"wp-block-heading\">Nh\u1eefng m\u00e1y n\u00e0o c\u00f3 th\u1ec3 ho\u1ea1t \u0111\u1ed9ng v\u1edbi m\u00e1y nghi\u1ec1n v\u00e0 tr\u1ed9n th\u1ee9c \u0103n ch\u0103n nu\u00f4i?<\/h2>    <p class=\"translation-block\">M\u00e1y n\u00e0y l\u00e0 thi\u1ebft b\u1ecb \u0111\u1ea7u cu\u1ed1i cho vi\u1ec7c ch\u1ebf bi\u1ebfn th\u1ee9c \u0103n ch\u0103n nu\u00f4i. V\u00ec v\u1eady, m\u00e1y c\u00f3 th\u1ec3 ho\u1ea1t \u0111\u1ed9ng c\u00f9ng v\u1edbi m\u00e1y s\u1ea3n xu\u1ea5t th\u1ee9c \u0103n ch\u0103n nu\u00f4i. V\u00ed d\u1ee5, <a href=\"https:\/\/fishfoodpelletmachine.com\/vi\/product\/fish-feed-mill-machine\/\">m\u00e1y \u00e9p vi\u00ean th\u1ee9c \u0103n c\u00e1<\/a> v\u00e0 m\u00e1y s\u1ea3n xu\u1ea5t th\u1ee9c \u0103n gia c\u1ea7m. <\/p>    <figure class=\"wp-block-image size-full\"><img loading=\"lazy\" decoding=\"async\" width=\"720\" height=\"540\" src=\"https:\/\/fishfoodpelletmachine.com\/wp-content\/uploads\/2022\/09\/Fish-feed-pelletizer-.webp\" alt=\"M\u00e1y \u00e9p vi\u00ean th\u1ee9c \u0103n cho c\u00e1\" class=\"wp-image-343\" title=\"M\u00e1y \u00e9p vi\u00ean th\u1ee9c \u0103n cho c\u00e1\" srcset=\"https:\/\/fishfoodpelletmachine.com\/wp-content\/uploads\/2022\/09\/Fish-feed-pelletizer-.webp 720w, https:\/\/fishfoodpelletmachine.com\/wp-content\/uploads\/2022\/09\/Fish-feed-pelletizer--300x225.webp 300w\" sizes=\"auto, (max-width: 720px) 100vw, 720px\" \/><figcaption>M\u00e1y \u00e9p th\u1ee9c \u0103n cho c\u00e1<\/figcaption><\/figure>    <h2 class=\"wp-block-heading\">\u01afu \u0111i\u1ec3m c\u1ee7a m\u00e1y xay v\u00e0 tr\u1ed9n th\u1ee9c \u0103n<\/h2>    <ol class=\"wp-block-list\" id=\"block-9a4cdc48-df70-47f8-b262-f6bac4ccd71d\"><li>Hi\u1ec7u su\u1ea5t cao c\u1ee7a m\u00e1y nghi\u1ec1n th\u1ee9c \u0103n v\u00e0 m\u00e1y tr\u1ed9n. Qu\u00e1 tr\u00ecnh nghi\u1ec1n v\u00e0 tr\u1ed9n \u0111\u01b0\u1ee3c k\u1ebft n\u1ed1i v\u1edbi nhau v\u00e0 ch\u00fang ta c\u00f3 th\u1ec3 s\u1eed d\u1ee5ng nguy\u00ean li\u1ec7u \u0111\u00e3 qua x\u1eed l\u00fd tr\u1ef1c ti\u1ebfp \u0111\u1ec3 l\u00e0m th\u1ee9c \u0103n vi\u00ean.<\/li><li>M\u00e1y nghi\u1ec1n c\u00f3 th\u1ec3 thay \u0111\u1ed5i s\u00e0ng \u0111\u1ec3 t\u1ea1o ra \u0111\u1ed9 m\u1ecbn kh\u00e1c nhau c\u1ee7a b\u1ed9t. M\u00e1y tr\u1ed9n tr\u1ed9n \u0111\u1ec1u v\u00e0 k\u1ef9 l\u01b0\u1ee1ng, c\u00f3 th\u1ec3 tr\u1ed9n ho\u00e0n to\u00e0n c\u00e1c nguy\u00ean li\u1ec7u kh\u00e1c nhau.<\/li><li>B\u1ed9 ph\u1eadn tr\u1ed9n c\u00f2n c\u00f3 m\u1ed9t \u0111\u1ea7u v\u00e0o, t\u1eeb \u0111\u00f3 ng\u01b0\u1eddi d\u00f9ng c\u00f3 th\u1ec3 th\u00eam c\u00e1c nguy\u00ean li\u1ec7u kh\u00e1c v\u00e0o.<\/li><li>M\u00e1y c\u00f3 kh\u1ea3 n\u0103ng ch\u1ed1ng m\u00e0i m\u00f2n, b\u1ec1n v\u00e0 c\u00f3 tu\u1ed5i th\u1ecd cao.<\/li><\/ol>    <figure class=\"wp-block-image size-full\"><img loading=\"lazy\" decoding=\"async\" width=\"720\" height=\"540\" src=\"https:\/\/fishfoodpelletmachine.com\/wp-content\/uploads\/2022\/09\/feed-grinding-and-mixing-machine-.webp\" alt=\"M\u00e1y nghi\u1ec1n v\u00e0 tr\u1ed9n th\u1ee9c \u0103n\" class=\"wp-image-344\" title=\"M\u00e1y nghi\u1ec1n v\u00e0 tr\u1ed9n th\u1ee9c \u0103n\" srcset=\"https:\/\/fishfoodpelletmachine.com\/wp-content\/uploads\/2022\/09\/feed-grinding-and-mixing-machine-.webp 720w, https:\/\/fishfoodpelletmachine.com\/wp-content\/uploads\/2022\/09\/feed-grinding-and-mixing-machine--300x225.webp 300w\" sizes=\"auto, (max-width: 720px) 100vw, 720px\" \/><figcaption>M\u00e1y nghi\u1ec1n v\u00e0 tr\u1ed9n th\u1ee9c \u0103n ch\u0103n nu\u00f4i<\/figcaption><\/figure>    <h2 class=\"wp-block-heading\">Bi\u1ec7n ph\u00e1p ph\u00f2ng ng\u1eeba an to\u00e0n<\/h2>    <ol class=\"wp-block-list\" id=\"block-bc7ac00b-0736-4b96-83f8-a3f21caa8b6b\"><li>Thi\u1ebft b\u1ecb ph\u1ea3i c\u00f3 thi\u1ebft b\u1ecb n\u1ed1i \u0111\u1ea5t, ch\u1ed1ng r\u00f2 r\u1ec9 \u0111\u1ec3 \u0111\u1ea3m b\u1ea3o an to\u00e0n c\u00e1 nh\u00e2n cho nh\u00e2n vi\u00ean.<\/li><li>Kh\u00f4ng bu\u1ed9c n\u1ea1p v\u1eadt li\u1ec7u b\u1eb1ng tay, que, thanh s\u1eaft, v.v. khi c\u1eeda n\u1ea1p b\u1ecb ch\u1eb7n. <\/li><li>Ch\u00fang ta n\u00ean l\u1eafp \u0111\u1eb7t m\u00e1y \u1edf n\u01a1i tr\u00e1nh xa l\u1eeda, th\u00f4ng gi\u00f3 v\u00e0 \u00e1nh s\u00e1ng.<\/li><li>Ng\u01b0\u1eddi v\u1eadn h\u00e0nh m\u00e1y nghi\u1ec1n v\u00e0 tr\u1ed9n th\u1ee9c \u0103n ch\u0103n nu\u00f4i ph\u1ea3i tr\u1ea3i qua qu\u00e1 tr\u00ecnh \u0111\u00e0o t\u1ea1o chuy\u00ean m\u00f4n nghi\u00eam ng\u1eb7t v\u00e0 l\u00e0m quen v\u1edbi c\u00e1c ch\u1ee9c n\u0103ng c\u0169ng nh\u01b0 bi\u1ec7n ph\u00e1p ph\u00f2ng ng\u1eeba kh\u00e1c nhau c\u1ee7a m\u00e1y chu\u1ea9n b\u1ecb. Trong qu\u00e1 tr\u00ecnh v\u1eadn h\u00e0nh v\u00e0 s\u1eed d\u1ee5ng, ng\u01b0\u1eddi v\u1eadn h\u00e0nh ph\u1ea3i tu\u00e2n th\u1ee7 nghi\u00eam ng\u1eb7t c\u00e1c quy tr\u00ecnh v\u1eadn h\u00e0nh v\u00e0 kh\u00f4ng \u0111\u01b0\u1ee3c vi ph\u1ea1m c\u00e1c quy t\u1eafc.<\/li><\/ol>    <figure class=\"wp-block-image size-full\"><img loading=\"lazy\" decoding=\"async\" width=\"720\" height=\"540\" src=\"https:\/\/fishfoodpelletmachine.com\/wp-content\/uploads\/2022\/09\/crushed-corn-.webp\" alt=\"Ng\u00f4 nghi\u1ec1n\" class=\"wp-image-346\" title=\"Ng\u00f4 nghi\u1ec1n\" srcset=\"https:\/\/fishfoodpelletmachine.com\/wp-content\/uploads\/2022\/09\/crushed-corn-.webp 720w, https:\/\/fishfoodpelletmachine.com\/wp-content\/uploads\/2022\/09\/crushed-corn--300x225.webp 300w\" sizes=\"auto, (max-width: 720px) 100vw, 720px\" \/><figcaption>ng\u00f4 nghi\u1ec1n<\/figcaption><\/figure>","protected":false},"excerpt":{"rendered":"<p>M\u00e1y xay v\u00e0 tr\u1ed9n th\u1ee9c \u0103n c\u00f3 th\u1ec3 nghi\u1ec1n v\u00e0 tr\u1ed9n c\u00e1c lo\u1ea1i ng\u0169 c\u1ed1c kh\u00e1c nhau. M\u00e1y t\u00edch h\u1ee3p n\u00e2ng th\u1eb3ng \u0111\u1ee9ng, th\u00f9ng tr\u1ed9n v\u00e0 c\u1ea5p li\u1ec7u ngang th\u00e0nh m\u1ed9t.<\/p>","protected":false},"author":1,"featured_media":337,"parent":0,"template":"","tags":[26,23,27],"product-type":[4],"class_list":["post-213","product","type-product","status-publish","has-post-thumbnail","hentry","tag-feed-grinder-and-mixer","tag-fish-feed-mill-machine","tag-poultry-feed-mixer-machine","product-type-feed-grinding-machine"],"_links":{"self":[{"href":"https:\/\/fishfoodpelletmachine.com\/vi\/wp-json\/wp\/v2\/product\/213","targetHints":{"allow":["GET"]}}],"collection":[{"href":"https:\/\/fishfoodpelletmachine.com\/vi\/wp-json\/wp\/v2\/product"}],"about":[{"href":"https:\/\/fishfoodpelletmachine.com\/vi\/wp-json\/wp\/v2\/types\/product"}],"author":[{"embeddable":true,"href":"https:\/\/fishfoodpelletmachine.com\/vi\/wp-json\/wp\/v2\/users\/1"}],"wp:featuredmedia":[{"embeddable":true,"href":"https:\/\/fishfoodpelletmachine.com\/vi\/wp-json\/wp\/v2\/media\/337"}],"wp:attachment":[{"href":"https:\/\/fishfoodpelletmachine.com\/vi\/wp-json\/wp\/v2\/media?parent=213"}],"wp:term":[{"taxonomy":"post_tag","embeddable":true,"href":"https:\/\/fishfoodpelletmachine.com\/vi\/wp-json\/wp\/v2\/tags?post=213"},{"taxonomy":"product-type","embeddable":true,"href":"https:\/\/fishfoodpelletmachine.com\/vi\/wp-json\/wp\/v2\/product-type?post=213"}],"curies":[{"name":"wp","href":"https:\/\/api.w.org\/{rel}","templated":true}]}}