{"id":237,"date":"2022-08-10T08:39:14","date_gmt":"2022-08-10T08:39:14","guid":{"rendered":"https:\/\/fishfoodpelletmachine.com\/?post_type=product&#038;p=237"},"modified":"2022-09-26T18:37:02","modified_gmt":"2022-09-26T10:37:02","slug":"pet-food-extruder","status":"publish","type":"product","link":"https:\/\/fishfoodpelletmachine.com\/vi\/product\/pet-food-extruder\/","title":{"rendered":"M\u00e1y \u0111\u00f9n th\u1ee9c \u0103n cho v\u1eadt nu\u00f4i\u4e28m\u00e1y \u0111\u00f9n hai tr\u1ee5c v\u00edt"},"content":{"rendered":"<p class=\"translation-block\">M\u00e1y \u0111\u00f9n th\u1ee9c \u0103n v\u1eadt nu\u00f4i l\u00e0 lo\u1ea1i m\u00e1y c\u00f3 th\u1ec3 x\u1eed l\u00fd nhi\u1ec1u lo\u1ea1i ng\u0169 c\u1ed1c th\u00e0nh nhi\u1ec1u h\u00ecnh d\u1ea1ng kh\u00e1c nhau. M\u00e1y \u0111\u00f9n th\u1ee9c \u0103n v\u1eadt nu\u00f4i c\u00f2n \u0111\u01b0\u1ee3c g\u1ecdi l\u00e0 m\u00e1y t\u1ea1o ph\u1ed3ng b\u1eb1ng ph\u01b0\u01a1ng ph\u00e1p \u0111\u00f9n tr\u1ee5c v\u00edt \u0111\u00f4i. Ngo\u00e0i th\u1ee9c \u0103n cho v\u1eadt nu\u00f4i, m\u00e1y c\u00f2n c\u00f3 th\u1ec3 s\u1ea3n xu\u1ea5t nhi\u1ec1u lo\u1ea1i \u0111\u1ed3 \u0103n nh\u1eb9 ph\u1ed3ng, b\u1ed9t g\u1ea1o, ng\u0169 c\u1ed1c, v.v. C\u00f2n c\u00f3 m\u00e1y t\u1ea1o ph\u1ed3ng tr\u1ee5c v\u00edt \u0111\u01a1n, ch\u1ee7 y\u1ebfu d\u00f9ng \u0111\u1ec3 l\u00e0m ph\u1ed3ng th\u1ef1c ph\u1ea9m, th\u1ee9c \u0103n ch\u0103n nu\u00f4i, gia c\u1ea7m ho\u1eb7c \u0111\u1ec3 l\u00e0m ph\u1ed3ng m\u1ed9t nguy\u00ean li\u1ec7u duy nh\u1ea5t. V\u00e0 m\u00e1y t\u1ea1o ph\u1ed3ng \u0111\u00f9n hai tr\u1ee5c v\u00edt, ch\u1ee7 y\u1ebfu d\u00f9ng \u0111\u1ec3 x\u1eed l\u00fd v\u1eadt li\u1ec7u th\u1ee7y sinh cao c\u1ea5p, s\u1ea3n xu\u1ea5t v\u00e0 ch\u1ebf bi\u1ebfn th\u1ee9c \u0103n cho v\u1eadt nu\u00f4i, \u0111\u1eb7c bi\u1ec7t l\u00e0 v\u1eadt li\u1ec7u c\u00f3 \u0111\u1ed9 nh\u1edbt cao. V\u00e0 kh\u00e1ch h\u00e0ng c\u00f3 th\u1ec3 ch\u1ecdn <a href=\"https:\/\/fishfoodpelletmachine.com\/vi\/product\/pet-food-production-line-2\/\">d\u00e2y chuy\u1ec1n s\u1ea3n xu\u1ea5t th\u1ee9c \u0103n cho v\u1eadt nu\u00f4i<\/a> \u0111\u1ec3 ti\u1ebft ki\u1ec7m nhi\u1ec1u th\u1eddi gian v\u00e0 n\u0103ng l\u01b0\u1ee3ng. <\/p>    <h2 class=\"wp-block-heading\" id=\"h-what-is-a-pet-food-extruder\">M\u00e1y \u0111\u00f9n th\u1ee9c \u0103n cho v\u1eadt nu\u00f4i l\u00e0 g\u00ec?<\/h2>    <p>Ch\u00fang t\u00f4i c\u00f3 nhi\u1ec1u m\u1eabu m\u00e1y \u0111\u00f9n th\u1ee9c \u0103n cho v\u1eadt nu\u00f4i kh\u00e1c nhau. V\u00e0 b\u1ed1n trong s\u1ed1 \u0111\u00f3 l\u00e0 nh\u1eefng s\u1ea3n ph\u1ea9m hot. Ch\u00fang kh\u00e1c nhau ch\u1ee7 y\u1ebfu \u1edf \u0111\u1ea7u ra. M\u00e1y \u0111\u01b0\u1ee3c t\u1ef1 \u0111\u1ed9ng h\u00f3a cao, ch\u1ec9 c\u1ea7n m\u1ed9t ng\u01b0\u1eddi l\u00e0 \u0111\u1ee7 t\u1eeb kh\u00e2u c\u1ea5p li\u1ec7u \u0111\u1ebfn th\u00e0nh ph\u1ea9m. Ngo\u00e0i ra, n\u00f3 c\u00f3 c\u1ea5u tr\u00fac nh\u1ecf g\u1ecdn v\u00e0 di\u1ec7n t\u00edch nh\u1ecf. V\u00e0 \u0111\u00e2y l\u00e0 m\u1ed9t thao t\u00e1c d\u1ec5 h\u1ecdc v\u00e0 ki\u1ec3m so\u00e1t th\u00f4ng s\u1ed1 ch\u00ednh x\u00e1c, \u0111\u1ea3m b\u1ea3o r\u1eb1ng s\u1ea3n ph\u1ea9m \u0111\u01b0\u1ee3c ho\u00e0n thi\u1ec7n \u1edf nhi\u1ec7t \u0111\u1ed9, \u00e1p su\u1ea5t, \u0111\u1ed9 \u1ea9m v\u00e0 th\u1eddi gian c\u1ee5 th\u1ec3.<\/p>    <figure class=\"wp-block-image size-full\"><img loading=\"lazy\" decoding=\"async\" width=\"720\" height=\"540\" src=\"https:\/\/fishfoodpelletmachine.com\/wp-content\/uploads\/2022\/09\/Pet-food-extruder-2.webp\" alt=\"M\u00e1y \u0111\u00f9n th\u1ee9c \u0103n v\u1eadt nu\u00f4i\" class=\"wp-image-407\" title=\"M\u00e1y \u0111\u00f9n th\u1ee9c \u0103n v\u1eadt nu\u00f4i\" srcset=\"https:\/\/fishfoodpelletmachine.com\/wp-content\/uploads\/2022\/09\/Pet-food-extruder-2.webp 720w, https:\/\/fishfoodpelletmachine.com\/wp-content\/uploads\/2022\/09\/Pet-food-extruder-2-300x225.webp 300w\" sizes=\"auto, (max-width: 720px) 100vw, 720px\" \/><figcaption>M\u00e1y \u0111\u00f9n th\u1ee9c \u0103n cho th\u00fa c\u01b0ng<\/figcaption><\/figure>    <h2 class=\"wp-block-heading\">Ph\u1ea1m vi \u1ee9ng d\u1ee5ng c\u1ee7a m\u00e1y \u0111\u00f9n tr\u1ee5c v\u00edt hai tr\u1ee5c<\/h2>    <p class=\"translation-block\"><strong>Nguy\u00ean li\u1ec7u:<\/strong> \u0110\u1eadu n\u00e0nh, l\u00faa mi\u1ebfn, k\u00ea, l\u00faa m\u00ec, ng\u00f4 v\u00e0 c\u00e1c lo\u1ea1i ng\u0169 c\u1ed1c kh\u00e1c.<br><strong>S\u1eed d\u1ee5ng:<\/strong> Th\u1ee9c \u0103n th\u00e0nh ph\u1ea9m ph\u00f9 h\u1ee3p v\u1edbi c\u00e1c lo\u1ea1i v\u1eadt nu\u00f4i kh\u00e1c nhau nh\u01b0 ch\u00f3, m\u00e8o, c\u00e1, chim, th\u1ecf, t\u00f4m, ch\u00f3, m\u00e8o, ch\u1ed3n, c\u00e1o, v.v. Th\u00edch h\u1ee3p cho c\u00e1c trang tr\u1ea1i ch\u0103n nu\u00f4i v\u00e0 c\u00e1c nh\u00e0 m\u00e1y s\u1ea3n xu\u1ea5t th\u1ee9c \u0103n quy m\u00f4 v\u1eeba v\u00e0 nh\u1ecf.<\/p>    <p>Trong tr\u01b0\u1eddng h\u1ee3p c\u00f9ng c\u00f4ng th\u1ee9c th\u1ee9c \u0103n, do \u0111\u00f3 gi\u00e1 th\u00e0nh th\u1ee9c \u0103n ph\u1ed3ng t\u1ef1 ch\u1ebf th\u1ea5p h\u01a1n gi\u00e1 th\u1ecb tr\u01b0\u1eddng 60%-80%. <\/p>    <h2 class=\"wp-block-heading\">C\u1ea5u tr\u00fac c\u1ee7a m\u00e1y \u0111\u00f9n tr\u1ee5c v\u00edt \u0111\u00f4i<\/h2>    <p>M\u00e1y ch\u1ee7 y\u1ebfu bao g\u1ed3m h\u1ec7 th\u1ed1ng c\u1ea5p li\u1ec7u, h\u1ec7 th\u1ed1ng \u00e9p \u0111\u00f9n, h\u1ec7 th\u1ed1ng c\u1eaft quay, h\u1ec7 th\u1ed1ng gia nhi\u1ec7t, h\u1ec7 th\u1ed1ng truy\u1ec1n \u0111\u1ed9ng v\u00e0 h\u1ec7 th\u1ed1ng \u0111i\u1ec1u khi\u1ec3n. V\u00e0 m\u00e1y c\u00f3 c\u00f4ng ngh\u1ec7 puffing \u00e9p \u0111\u00f9n v\u00edt ti\u00ean ti\u1ebfn. Ngo\u00e0i ra, n\u00f3 c\u00f3 nhi\u1ec7t \u0111\u1ed9 v\u00e0 \u00e1p su\u1ea5t cao \u0111\u1ec3 n\u1ea5u ch\u00edn v\u1eadt li\u1ec7u th\u00e0nh h\u00ecnh d\u1ea1ng. H\u01a1n n\u1eefa, m\u00e1y ch\u00ednh \u00e1p d\u1ee5ng \u0111i\u1ec1u ch\u1ec9nh t\u1ed1c \u0111\u1ed9 bi\u1ebfn t\u1ea7n \u0111\u1ec3 \u0111\u1ea3m b\u1ea3o s\u1ef1 \u1ed5n \u0111\u1ecbnh c\u1ee7a qu\u00e1 tr\u00ecnh s\u1ea3n xu\u1ea5t.<\/p>    <figure class=\"wp-block-image size-full\"><img loading=\"lazy\" decoding=\"async\" width=\"720\" height=\"540\" src=\"https:\/\/fishfoodpelletmachine.com\/wp-content\/uploads\/2022\/09\/double-screw-extruder-.webp\" alt=\"m\u00e1y \u00e9p \u0111\u00f9n hai tr\u1ee5c\" class=\"wp-image-408\" title=\"m\u00e1y \u00e9p \u0111\u00f9n hai tr\u1ee5c\" srcset=\"https:\/\/fishfoodpelletmachine.com\/wp-content\/uploads\/2022\/09\/double-screw-extruder-.webp 720w, https:\/\/fishfoodpelletmachine.com\/wp-content\/uploads\/2022\/09\/double-screw-extruder--300x225.webp 300w\" sizes=\"auto, (max-width: 720px) 100vw, 720px\" \/><figcaption>M\u00e1y \u0111\u00f9n tr\u1ee5c v\u00edt \u0111\u00f4i<\/figcaption><\/figure>    <h2 class=\"wp-block-heading\">Th\u00f4ng s\u1ed1 k\u1ef9 thu\u1eadt c\u1ee7a m\u00e1y \u0111\u00f9n th\u1ef1c ph\u1ea9m tr\u1ee5c v\u00edt \u0111\u00f4i<\/h2>    <figure class=\"wp-block-table\"><table><tbody><tr><td><strong>Ng\u01b0\u1eddi m\u1eabu<\/strong><strong><\/strong><\/td><td><strong>DL<\/strong><strong>65<\/strong><strong>-III<\/strong><strong><\/strong><\/td><td><strong>DL65-II<\/strong><strong><\/strong><\/td><td><strong>DL70-II<\/strong><strong><\/strong><\/td><td><strong>DL8<\/strong><strong>0<\/strong><strong>-II<\/strong><strong><\/strong><\/td><\/tr><tr><td><strong>\u0110i\u1ec7n \u00e1p \u0111\u1ea7u v\u00e0o<\/strong><strong><\/strong><\/td><td><strong>380V\/50HZ<\/strong><strong><\/strong><\/td><td><strong>380V\/50HZ<\/strong><strong><\/strong><\/td><td><strong>380V\/50HZ<\/strong><strong><\/strong><\/td><td><strong>380V\/50HZ<\/strong><strong><\/strong><\/td><\/tr><tr><td><strong>C\u00f4ng su\u1ea5t l\u1eafp \u0111\u1eb7t<\/strong><strong><\/strong><\/td><td><strong>35<\/strong><strong>KW<\/strong><strong><\/strong><\/td><td><strong>46KW<\/strong><strong><\/strong><\/td><td><strong>46<\/strong><strong>KW<\/strong><strong><\/strong><\/td><td><strong>90<\/strong><strong>KW<\/strong><strong><\/strong><\/td><\/tr><tr><td><strong>Ti\u00eau th\u1ee5 \u0111i\u1ec7n n\u0103ng<\/strong><strong><\/strong><\/td><td><strong>22KW<\/strong><strong><\/strong><\/td><td><strong>30KW<\/strong><strong><\/strong><\/td><td><strong>30 KW<\/strong><strong><\/strong><\/td><td><strong>55KW<\/strong><strong><\/strong><\/td><\/tr><tr><td><strong>\u0111\u1ea7u ra<\/strong><strong><\/strong><\/td><td><strong>1<\/strong><strong>0<\/strong><strong>0-<\/strong><strong>15<\/strong><strong>0Kg\/gi\u1edd<\/strong><strong><\/strong><\/td><td><strong>150-200Kg\/gi\u1edd<\/strong><strong><\/strong><\/td><td><strong>20<\/strong><strong>0<\/strong><strong>\u2013<\/strong><strong>2<\/strong><strong>6<\/strong><strong>0<\/strong><strong>Kg\/gi\u1edd<\/strong><strong><\/strong><\/td><td><strong>300<\/strong><strong>\u2013<\/strong><strong>50<\/strong><strong>0Kg\/gi\u1edd<\/strong><strong><\/strong><\/td><\/tr><tr><td><strong>K\u00edch c\u1ee1<\/strong><\/td><td><strong>2,5\u00d70,8\u00d71,8m<\/strong><strong><\/strong><\/td><td><strong>3,2\u00d71,0\u00d71,7m<\/strong><strong><\/strong><\/td><td><strong>3,6\u00d71,0\u00d72m<\/strong><strong><\/strong><\/td><td><strong>4,5\u00d71,2\u00d72,3m<\/strong><strong><\/strong><\/td><\/tr><tr><td><strong>\u0110\u1ed9 d\u00e0y th\u00e9p kh\u00f4ng g\u1ec9<\/strong><strong><\/strong><\/td><td><strong>1,2mm<\/strong><strong><\/strong><\/td><td><strong>1,2mm<\/strong><strong><\/strong><\/td><td><strong>1,2mm<\/strong><strong><\/strong><\/td><td><strong>1,2mm<\/strong><strong><\/strong><\/td><\/tr><tr><td><strong>V\u1eadt li\u1ec7u \u1ed1c v\u00edt<\/strong><strong><\/strong><\/td><td><strong>38CrMoAL\/38<\/strong><strong><\/strong><\/td><td><strong>38CrMoAL\/38<\/strong><strong><\/strong><\/td><td><strong>38CrMoAL\/38<\/strong><strong><\/strong><\/td><td><strong>38CrMoAL\/38<\/strong><strong><\/strong><\/td><\/tr><tr><td><strong>Chi\u1ec1u d\u00e0i v\u00edt<\/strong><strong><\/strong><\/td><td><strong>1050mm<\/strong><strong><\/strong><\/td><td><strong>1520mm<\/strong><strong><\/strong><\/td><td><strong>1520mm<\/strong><strong><\/strong><\/td><td><strong>1563mm<\/strong><strong><\/strong><\/td><\/tr><tr><td><strong>\u0110\u01b0\u1eddng k\u00ednh tr\u1ee5c v\u00edt<\/strong><strong><\/strong><\/td><td><strong>65mm<\/strong><strong><\/strong><\/td><td><strong>65mm<\/strong><strong><\/strong><\/td><td><strong>70mm<\/strong><strong><\/strong><\/td><td><strong>80mm<\/strong><strong><\/strong><\/td><\/tr><tr><td><strong>C\u00f4ng su\u1ea5t \u0111\u1ed9ng c\u01a1<\/strong><strong><\/strong><\/td><td><strong>22kw<\/strong><strong><\/strong><\/td><td><strong>30kw<\/strong><strong><\/strong><\/td><td><strong>30kw<\/strong><strong><\/strong><\/td><td><strong>55kw<\/strong><strong><\/strong><\/td><\/tr><tr><td><strong>\u0110i\u1ec7n s\u01b0\u1edfi \u1ea5m<\/strong><strong><\/strong><\/td><td><strong>2kw*5 10kw<\/strong><strong><\/strong><\/td><td><strong>2kw*5 10kw<\/strong><strong><\/strong><\/td><td><strong>2kw*6 12kw<\/strong><strong><\/strong><\/td><td><strong>3kw*6 18kw<\/strong><strong><\/strong><\/td><\/tr><tr><td><strong>S\u1ee9c m\u1ea1nh cho \u0103n<\/strong><strong><\/strong><\/td><td><strong>0,75kw<\/strong><strong><\/strong><\/td><td><strong>0.75&nbsp;<\/strong><strong>kw<\/strong><strong><\/strong><\/td><td><strong>0,75kw<\/strong><strong><\/strong><\/td><td><strong>&nbsp;1,5kw<\/strong><strong><\/strong><\/td><\/tr><tr><td><strong>C\u00f4ng su\u1ea5t c\u1eaft<\/strong><\/td><td><strong>0,75kw<\/strong><strong><\/strong><\/td><td><strong>0.75&nbsp;<\/strong><strong>kw<\/strong><strong><\/strong><\/td><td><strong>0,75kw<\/strong><strong><\/strong><\/td><td><strong>&nbsp;1,5kw<\/strong><strong><\/strong><\/td><\/tr><tr><td><strong>C\u00f4ng su\u1ea5t b\u01a1m d\u1ea7u<\/strong><\/td><td><strong>0,37kw<\/strong><strong><\/strong><\/td><td><strong>0,37kw<\/strong><strong><\/strong><\/td><td><strong>0,37kw<\/strong><strong><\/strong><\/td><td><strong>0,37 kw<\/strong><strong><\/strong><\/td><\/tr><\/tbody><\/table><figcaption> th\u00f4ng s\u1ed1 c\u1ee7a m\u00e1y \u00e9p \u0111\u00f9n th\u1ef1c ph\u1ea9m hai tr\u1ee5c<\/figcaption><\/figure>    <h2 class=\"wp-block-heading\">M\u00e1y \u0111\u00f9n th\u1ee9c \u0103n tr\u1ee5c v\u00edt ho\u1ea1t \u0111\u1ed9ng nh\u01b0 th\u1ebf n\u00e0o?<\/h2>    <p>M\u00e1y \u0111\u00f9n c\u1ea5p li\u1ec7u tr\u1ee5c v\u00edt c\u00f3 hai c\u1eb7p v\u00edt \u0103n kh\u1edbp v\u1edbi nhau v\u00e0 quay c\u00f9ng chi\u1ec1u. V\u00ec v\u1eady, ch\u00fang c\u00f9ng nhau \u0111\u00f3ng vai tr\u00f2 truy\u1ec1n t\u1ea3i, \u00e9p \u0111\u00f9n ma s\u00e1t v\u00e0 s\u01b0\u1edfi \u1ea5m. V\u00ec v\u1eady, tr\u1ee5c v\u00edt \u00e9p \u0111\u00f9n, c\u1eaft v\u00e0 tr\u1ed9n nguy\u00ean li\u1ec7u th\u00f4 trong th\u00f9ng. Sau \u0111\u00f3, nhi\u1ec7t \u0111\u1ed9 v\u00e0 \u00e1p su\u1ea5t cao s\u1ebd l\u00e0m ch\u00edn v\u1eadt li\u1ec7u v\u00e0 khu\u00f4n tho\u00e1t s\u1ebd m\u1edf r\u1ed9ng ch\u00fang th\u00e0nh nhi\u1ec1u h\u00ecnh d\u1ea1ng kh\u00e1c nhau.<\/p>    <figure class=\"wp-block-image size-full\"><img loading=\"lazy\" decoding=\"async\" width=\"720\" height=\"540\" src=\"https:\/\/fishfoodpelletmachine.com\/wp-content\/uploads\/2022\/09\/screw-feed-extruder-.webp\" alt=\"m\u00e1y \u00e9p \u0111\u00f9n c\u1ea5p li\u1ec7u tr\u1ee5c v\u00edt\" class=\"wp-image-410\" title=\"m\u00e1y \u00e9p \u0111\u00f9n c\u1ea5p li\u1ec7u tr\u1ee5c v\u00edt\" srcset=\"https:\/\/fishfoodpelletmachine.com\/wp-content\/uploads\/2022\/09\/screw-feed-extruder-.webp 720w, https:\/\/fishfoodpelletmachine.com\/wp-content\/uploads\/2022\/09\/screw-feed-extruder--300x225.webp 300w\" sizes=\"auto, (max-width: 720px) 100vw, 720px\" \/><figcaption>M\u00e1y \u0111\u00f9n th\u1ee9c \u0103n tr\u1ee5c v\u00edt<\/figcaption><\/figure>    <h2 class=\"wp-block-heading\">C\u00e1c t\u00ednh n\u0103ng c\u1ee7a thi\u1ebft b\u1ecb \u00e9p \u0111\u00f9n th\u1ee9c \u0103n v\u1eadt nu\u00f4i l\u00e0 g\u00ec?<\/h2>    <ol class=\"wp-block-list\"><li>\u00c1p d\u1ee5ng c\u00f4ng ngh\u1ec7 \u0111i\u1ec1u khi\u1ec3n t\u1ed1c \u0111\u1ed9 chuy\u1ec3n \u0111\u1ed5i t\u1ea7n s\u1ed1, gi\u00fap thi\u1ebft b\u1ecb ch\u1ea1y tr\u01a1n tru h\u01a1n v\u00e0 ti\u1ebft ki\u1ec7m \u0111i\u1ec7n.<\/li><li>Ngo\u00e0i ra, tr\u1ee5c v\u00edt v\u00e0 th\u00f9ng \u0111\u01b0\u1ee3c x\u1eed l\u00fd nhi\u1ec7t b\u1eb1ng th\u00e9p h\u1ee3p kim, c\u00f3 \u0111\u1ed9 c\u1ee9ng cao v\u00e0 tu\u1ed5i th\u1ecd cao. V\u00e0 ch\u00fang ta c\u00f3 th\u1ec3 k\u1ebft h\u1ee3p c\u1ea5u tr\u00fac t\u1ed5 h\u1ee3p kh\u1ed1i x\u00e2y d\u1ef1ng theo \u00fd mu\u1ed1n.<\/li><li>H\u01a1n n\u1eefa, h\u1ec7 th\u1ed1ng b\u00f4i tr\u01a1n c\u01b0\u1ee1ng b\u1ee9c \u0111\u1ea3m b\u1ea3o r\u1eb1ng ph\u1ea7n truy\u1ec1n \u0111\u1ed9ng c\u1ee7a thi\u1ebft b\u1ecb c\u00f3 tu\u1ed5i th\u1ecd l\u00e2u h\u01a1n.<\/li><li>Khi \u0111\u00f3 h\u1ec7 th\u1ed1ng \u0111i\u1ec1u khi\u1ec3n nhi\u1ec7t \u0111\u1ed9 t\u1ef1 \u0111\u1ed9ng gi\u00fap vi\u1ec7c \u0111i\u1ec1u khi\u1ec3n nhi\u1ec7t \u0111\u1ed9 tr\u1edf n\u00ean tr\u1ef1c quan h\u01a1n v\u00e0 c\u00e1c th\u00f4ng s\u1ed1 ch\u00ednh x\u00e1c h\u01a1n.<\/li><li>Ngo\u00e0i ra, v\u1edbi ch\u1ee9c n\u0103ng t\u1ef1 l\u00e0m s\u1ea1ch c\u1ee7a v\u00edt, kh\u00f4ng c\u1ea7n ph\u1ea3i th\u00e1o v\u00edt ra \u0111\u1ec3 v\u1ec7 sinh sau khi d\u1eebng.<\/li><\/ol>    <figure class=\"wp-block-image size-full\"><img loading=\"lazy\" decoding=\"async\" width=\"720\" height=\"540\" src=\"https:\/\/fishfoodpelletmachine.com\/wp-content\/uploads\/2022\/09\/pet-food-extrusion-equipment-.webp\" alt=\"thi\u1ebft b\u1ecb \u00e9p \u0111\u00f9n th\u1ee9c \u0103n cho th\u00fa c\u01b0ng\" class=\"wp-image-411\" title=\"thi\u1ebft b\u1ecb \u00e9p \u0111\u00f9n th\u1ee9c \u0103n cho th\u00fa c\u01b0ng\" srcset=\"https:\/\/fishfoodpelletmachine.com\/wp-content\/uploads\/2022\/09\/pet-food-extrusion-equipment-.webp 720w, https:\/\/fishfoodpelletmachine.com\/wp-content\/uploads\/2022\/09\/pet-food-extrusion-equipment--300x225.webp 300w\" sizes=\"auto, (max-width: 720px) 100vw, 720px\" \/><figcaption>Thi\u1ebft b\u1ecb \u00e9p \u0111\u00f9n th\u1ee9c \u0103n cho v\u1eadt nu\u00f4i<\/figcaption><\/figure>    <h2 class=\"wp-block-heading\">Tr\u01b0\u1eddng h\u1ee3p th\u00e0nh c\u00f4ng <\/h2>    <p class=\"translation-block\">M\u1ed9t kh\u00e1ch h\u00e0ng t\u1eeb Lesotho mu\u1ed1n thi\u1ebft l\u1eadp m\u1ed9t nh\u00e0 m\u00e1y s\u1ea3n xu\u1ea5t th\u1ee9c \u0103n cho th\u00fa c\u01b0ng. V\u00ec v\u1eady, anh \u1ea5y \u0111\u00e3 g\u1eedi cho ch\u00fang t\u00f4i m\u1ed9t y\u00eau c\u1ea7u v\u1ec1 m\u00e1y m\u00f3c b\u1eb1ng c\u00e1ch truy c\u1eadp v\u00e0o trang web c\u1ee7a ch\u00fang t\u00f4i. V\u00e0 th\u00f4ng qua vi\u1ec7c giao ti\u1ebfp, ch\u00fang t\u00f4i hi\u1ec3u r\u1eb1ng kh\u00e1ch h\u00e0ng mu\u1ed1n mua m\u1ed9t <a href=\"https:\/\/pelletmillmachine.com\/pet-food-production-line\/\" target=\"_blank\" rel=\"noopener\">d\u00e2y chuy\u1ec1n s\u1ea3n xu\u1ea5t th\u1ee9c \u0103n cho th\u00fa c\u01b0ng<\/a>. V\u00ec v\u1eady, d\u1ef1a tr\u00ean y\u00eau c\u1ea7u s\u1ea3n xu\u1ea5t c\u1ee7a kh\u00e1ch h\u00e0ng, ch\u00fang t\u00f4i \u0111\u00e3 g\u1eedi cho kh\u00e1ch h\u00e0ng b\u00e1o gi\u00e1 cho c\u00e1c m\u1eabu DL65-III v\u00e0 DL65-II. V\u00e0 sau khi xem x\u00e9t, kh\u00e1ch h\u00e0ng \u0111\u00e3 b\u00e0y t\u1ecf s\u1ef1 h\u00e0i l\u00f2ng v\u1edbi c\u00e1c th\u00f4ng s\u1ed1 c\u1ee7a m\u00e1y. Sau \u0111\u00f3, anh \u1ea5y n\u00f3i r\u1eb1ng gi\u00e1 c\u1ee7a m\u00e1y qu\u00e1 cao v\u00e0 anh \u1ea5y c\u1ea7n th\u1eddi gian \u0111\u1ec3 huy \u0111\u1ed9ng ti\u1ec1n. V\u00e0 sau hai th\u00e1ng, kh\u00e1ch h\u00e0ng \u0111\u00e3 li\u00ean h\u1ec7 v\u1edbi ch\u00fang t\u00f4i. Anh \u1ea5y n\u00f3i r\u1eb1ng anh \u1ea5y c\u00f3 th\u1ec3 mua m\u00e1y. <\/p>    <figure class=\"wp-block-image size-full\"><img loading=\"lazy\" decoding=\"async\" width=\"720\" height=\"540\" src=\"https:\/\/fishfoodpelletmachine.com\/wp-content\/uploads\/2022\/09\/twin-screw-pet-food-extruder-.webp\" alt=\"m\u00e1y \u00e9p \u0111\u00f9n th\u1ee9c \u0103n cho th\u00fa c\u01b0ng hai tr\u1ee5c\" class=\"wp-image-412\" title=\"m\u00e1y \u00e9p \u0111\u00f9n th\u1ee9c \u0103n cho th\u00fa c\u01b0ng hai tr\u1ee5c\" srcset=\"https:\/\/fishfoodpelletmachine.com\/wp-content\/uploads\/2022\/09\/twin-screw-pet-food-extruder-.webp 720w, https:\/\/fishfoodpelletmachine.com\/wp-content\/uploads\/2022\/09\/twin-screw-pet-food-extruder--300x225.webp 300w\" sizes=\"auto, (max-width: 720px) 100vw, 720px\" \/><figcaption>M\u00e1y \u0111\u00f9n th\u1ee9c \u0103n v\u1eadt nu\u00f4i tr\u1ee5c v\u00edt \u0111\u00f4i<\/figcaption><\/figure>","protected":false},"excerpt":{"rendered":"<p>M\u00e1y \u0111\u00f9n th\u1ee9c \u0103n cho v\u1eadt nu\u00f4i c\u00f3 th\u1ec3 ch\u1ebf bi\u1ebfn c\u00e1c lo\u1ea1i ng\u0169 c\u1ed1c kh\u00e1c nhau th\u00e0nh nhi\u1ec1u h\u00ecnh d\u1ea1ng kh\u00e1c nhau. M\u00e1y \u0111\u00f9n th\u1ee9c \u0103n cho v\u1eadt nu\u00f4i c\u00f2n \u0111\u01b0\u1ee3c g\u1ecdi l\u00e0 m\u00e1y \u0111\u00f9n tr\u1ee5c v\u00edt \u0111\u00f4i.<\/p>","protected":false},"author":1,"featured_media":405,"parent":0,"template":"","tags":[26,31,32],"product-type":[5],"class_list":["post-237","product","type-product","status-publish","has-post-thumbnail","hentry","tag-feed-grinder-and-mixer","tag-pet-food-extruder","tag-two-screw-extruder-machine","product-type-fish-feed-pellet-machine"],"_links":{"self":[{"href":"https:\/\/fishfoodpelletmachine.com\/vi\/wp-json\/wp\/v2\/product\/237","targetHints":{"allow":["GET"]}}],"collection":[{"href":"https:\/\/fishfoodpelletmachine.com\/vi\/wp-json\/wp\/v2\/product"}],"about":[{"href":"https:\/\/fishfoodpelletmachine.com\/vi\/wp-json\/wp\/v2\/types\/product"}],"author":[{"embeddable":true,"href":"https:\/\/fishfoodpelletmachine.com\/vi\/wp-json\/wp\/v2\/users\/1"}],"wp:featuredmedia":[{"embeddable":true,"href":"https:\/\/fishfoodpelletmachine.com\/vi\/wp-json\/wp\/v2\/media\/405"}],"wp:attachment":[{"href":"https:\/\/fishfoodpelletmachine.com\/vi\/wp-json\/wp\/v2\/media?parent=237"}],"wp:term":[{"taxonomy":"post_tag","embeddable":true,"href":"https:\/\/fishfoodpelletmachine.com\/vi\/wp-json\/wp\/v2\/tags?post=237"},{"taxonomy":"product-type","embeddable":true,"href":"https:\/\/fishfoodpelletmachine.com\/vi\/wp-json\/wp\/v2\/product-type?post=237"}],"curies":[{"name":"wp","href":"https:\/\/api.w.org\/{rel}","templated":true}]}}