{"id":24,"date":"2022-07-29T09:54:40","date_gmt":"2022-07-29T09:54:40","guid":{"rendered":"https:\/\/fishfoodpelletmachine.com\/?post_type=product&#038;p=24"},"modified":"2024-06-06T10:09:21","modified_gmt":"2024-06-06T02:09:21","slug":"fish-pellet-making-machine","status":"publish","type":"product","link":"https:\/\/fishfoodpelletmachine.com\/vi\/product\/fish-pellet-making-machine\/","title":{"rendered":"M\u00e1y l\u00e0m vi\u00ean c\u00e1 | M\u00e1y l\u00e0m th\u1ee9c \u0103n cho c\u00e1 n\u1ed5i"},"content":{"rendered":"<p>M\u00e1y l\u00e0m vi\u00ean c\u00e1 c\u00f3 th\u1ec3 x\u1eed l\u00fd nguy\u00ean li\u1ec7u tr\u1ef1c ti\u1ebfp th\u00e0nh th\u1ee9c \u0103n vi\u00ean. Th\u00e0nh ph\u1ea9m sau khi ch\u1ebf bi\u1ebfn c\u00f3 th\u1ec3 n\u1ed5i ho\u1eb7c ch\u00ecm v\u00e0 c\u00f3 th\u1ec3 c\u00f3 nhi\u1ec1u h\u00ecnh d\u1ea1ng kh\u00e1c nhau. V\u00e0 nh\u1eefng vi\u00ean n\u00e0y \u0111\u01b0\u1ee3c n\u1ea5u ch\u00edn r\u1ea5t t\u1ed1t cho c\u00e1 ti\u00eau h\u00f3a v\u00e0 h\u1ea5p th\u1ee5.<\/p>    <p class=\"translation-block\">Hi\u1ec7n nay c\u00f3 nhi\u1ec1u ng\u01b0\u1eddi nu\u00f4i c\u00e1 s\u1edf h\u1eefu v\u00e0i ao c\u00e1. H\u1ecd c\u00f3 th\u1ec3 ch\u1ecdn s\u1eed d\u1ee5ng <a href=\"https:\/\/pelletmillmachine.com\/fish-feed-pellet-making-machine\/\" target=\"_blank\" rel=\"noopener\">m\u00e1y l\u00e0m vi\u00ean th\u1ee9c \u0103n cho c\u00e1<\/a> \u0111\u1ec3 t\u1ef1 l\u00e0m th\u1ee9c \u0103n cho c\u00e1. T\u1ef1 l\u00e0m s\u1ebd t\u1ed1t cho dinh d\u01b0\u1ee1ng v\u00e0 v\u1ec7 sinh c\u1ee7a th\u1ee9c \u0103n cho c\u00e1, v\u00e0 ti\u1ebft ki\u1ec7m chi ph\u00ed mua th\u1ee9c \u0103n cho c\u00e1.<\/p>    <figure class=\"wp-block-image size-full\"><img loading=\"lazy\" decoding=\"async\" width=\"720\" height=\"540\" src=\"https:\/\/fishfoodpelletmachine.com\/wp-content\/uploads\/2024\/03\/Fish-feed-pellet-mill-in-stock.webp\" alt=\"m\u00e1y nghi\u1ec1n th\u1ee9c \u0103n vi\u00ean\" class=\"wp-image-781\" title=\"\" srcset=\"https:\/\/fishfoodpelletmachine.com\/wp-content\/uploads\/2024\/03\/Fish-feed-pellet-mill-in-stock.webp 720w, https:\/\/fishfoodpelletmachine.com\/wp-content\/uploads\/2024\/03\/Fish-feed-pellet-mill-in-stock-300x225.webp 300w\" sizes=\"auto, (max-width: 720px) 100vw, 720px\" \/><figcaption class=\"wp-element-caption\">M\u00e1y nghi\u1ec1n vi\u00ean th\u1ee9c \u0103n ch\u0103n nu\u00f4i<\/figcaption><\/figure>    <h2 class=\"wp-block-heading\" id=\"h-what-is-a-fish-pellet-making-machine\">M\u00e1y l\u00e0m vi\u00ean c\u00e1 l\u00e0 g\u00ec?<\/h2>    <p>M\u00e1y l\u00e0m vi\u00ean c\u00e1 l\u00e0 m\u1ed9t thi\u1ebft b\u1ecb c\u00f3 th\u1ec3 ch\u1ebf bi\u1ebfn c\u00e1c lo\u1ea1i b\u1ed9t ng\u0169 c\u1ed1c kh\u00e1c nhau th\u00e0nh vi\u00ean th\u1ee9c \u0103n cho c\u00e1 tr\u01b0\u1edfng th\u00e0nh. Nh\u1eefng nguy\u00ean li\u1ec7u th\u00f4 n\u00e0y c\u00f3 th\u1ec3 l\u00e0 b\u1ed9t \u0111\u1eadu n\u00e0nh, ng\u00f4, b\u1ed9t \u0111\u1eadu ph\u1ed9ng, b\u1ed9t b\u00f4ng, c\u00e1m g\u1ea1o, c\u00e1m, v.v. V\u00e0 ch\u00fang ta n\u00ean cho m\u1ed9t l\u01b0\u1ee3ng n\u01b0\u1edbc v\u00e0o nh\u1eefng v\u1eadt li\u1ec7u \u0111i\u1ec7n n\u00e0y. <\/p>    <p class=\"translation-block\">Th\u1ee9c \u0103n c\u00f3 th\u1ec3 \u0111\u01b0\u1ee3c tr\u1ed9n b\u1eb1ng m\u00e1y tr\u1ed9n ho\u1eb7c \u0111\u01b0\u1ee3c ch\u1ebf bi\u1ebfn tr\u1ef1c ti\u1ebfp b\u1eb1ng <a href=\"https:\/\/fishfoodpelletmachine.com\/vi\/product\/feed-grinder-and-mixer\/\">m\u00e1y nghi\u1ec1n v\u00e0 tr\u1ed9n th\u1ee9c \u0103n \u0111\u1ee9ng<\/a>. Sau \u0111\u00f3, ch\u00fang ta c\u00f3 th\u1ec3 cho th\u1ee9c \u0103n \u0111\u00e3 ch\u1ebf bi\u1ebfn tr\u1ef1c ti\u1ebfp v\u00e0o m\u00e1y l\u00e0m th\u1ee9c \u0103n cho c\u00e1.<\/p>    <p>S\u1ee9c m\u1ea1nh c\u1ee7a m\u00e1y l\u00e0m vi\u00ean c\u00e1 c\u00f3 th\u1ec3 l\u00e0 \u0111\u1ed9ng c\u01a1 \u0111i\u1ec7n v\u00e0 \u0111\u1ed9ng c\u01a1 diesel, c\u00f3 th\u1ec3 \u0111\u00e1p \u1ee9ng nhu c\u1ea7u v\u1ec1 \u0111i\u1ec7n c\u1ee7a c\u00e1c kh\u00e1ch h\u00e0ng kh\u00e1c nhau. M\u00e1y cho c\u00e1 \u0103n n\u1ed5i c\u00f3 c\u1ea5u t\u1ea1o \u0111\u01a1n gi\u1ea3n, v\u1eadn h\u00e0nh d\u1ec5 d\u00e0ng, hi\u1ec7u su\u1ea5t l\u00e0m vi\u1ec7c cao l\u00e0 thi\u1ebft b\u1ecb \u0111\u01b0\u1ee3c ng\u01b0\u1eddi nu\u00f4i c\u00e1 \u01b0a chu\u1ed9ng.<\/p>    <figure class=\"wp-block-image size-full is-resized\"><img loading=\"lazy\" decoding=\"async\" width=\"720\" height=\"540\" src=\"https:\/\/fishfoodpelletmachine.com\/wp-content\/uploads\/2022\/09\/fish-food-making-machine-1-.webp\" alt=\"m\u00e1y l\u00e0m th\u1ee9c \u0103n cho c\u00e1\" class=\"wp-image-380\" title=\"m\u00e1y l\u00e0m th\u1ee9c \u0103n cho c\u00e1\" srcset=\"https:\/\/fishfoodpelletmachine.com\/wp-content\/uploads\/2022\/09\/fish-food-making-machine-1-.webp 720w, https:\/\/fishfoodpelletmachine.com\/wp-content\/uploads\/2022\/09\/fish-food-making-machine-1--300x225.webp 300w\" sizes=\"auto, (max-width: 720px) 100vw, 720px\" \/><figcaption class=\"wp-element-caption\">M\u00e1y l\u00e0m th\u1ee9c \u0103n cho c\u00e1<\/figcaption><\/figure>    <h2 class=\"wp-block-heading\" id=\"h-features-of-the-floating-fish-feed-making-machine\">\u0110\u1eb7c \u0111i\u1ec3m c\u1ee7a m\u00e1y l\u00e0m th\u1ee9c \u0103n cho c\u00e1 n\u1ed5i<\/h2>    <ol class=\"wp-block-list\"> <li>M\u00e1y l\u00e0m th\u1ee9c \u0103n cho c\u00e1 c\u00f3 hi\u1ec7u su\u1ea5t l\u00e0m vi\u1ec7c cao, t\u1eeb kh\u00e2u cho nguy\u00ean li\u1ec7u \u0111\u1ebfn th\u00e0nh ph\u1ea9m ch\u1ec9 m\u1ea5t v\u00e0i gi\u00e2y.<\/li>    <li>M\u00e1y l\u00e0m th\u1ee9c \u0103n cho c\u00e1 n\u1ed5i c\u1ee7a ch\u00fang t\u00f4i c\u00f3 th\u1ec3 t\u1ea1o ra c\u00e1c d\u1ea1ng th\u1ee9c \u0103n vi\u00ean kh\u00e1c nhau th\u00f4ng qua c\u00e1c khu\u00f4n kh\u00e1c nhau. Kh\u00e1ch h\u00e0ng c\u00f3 th\u1ec3 l\u1ef1a ch\u1ecdn khu\u00f4n theo nhu c\u1ea7u c\u1ee7a m\u00ecnh.<\/li>    <li>C\u00e1c m\u1eabu m\u00e1y l\u00e0m vi\u00ean c\u00e1 ho\u00e0n ch\u1ec9nh t\u1eeb 400kg\/gi\u1edd \u0111\u1ebfn 2 t\u1ea5n\/gi\u1edd, ch\u00fang t\u00f4i c\u00f3 nhi\u1ec1u m\u1eabu m\u00e3 kh\u00e1c nhau \u0111\u00e1p \u1ee9ng nhu c\u1ea7u c\u1ee7a kh\u00e1ch h\u00e0ng.<\/li>    <li>Thi\u1ebft b\u1ecb gia nhi\u1ec7t b\u1eb1ng \u0111i\u1ec7n \u0111\u01b0\u1ee3c s\u1eed d\u1ee5ng \u0111\u1ec3 c\u1ea3i thi\u1ec7n t\u1ed1c \u0111\u1ed9 gi\u00e3n n\u1edf v\u00e0 th\u1eddi gian n\u1ed5i c\u1ee7a nguy\u00ean li\u1ec7u.<\/li> <\/ol>    <figure class=\"wp-block-image size-full\"><img loading=\"lazy\" decoding=\"async\" width=\"720\" height=\"540\" src=\"https:\/\/fishfoodpelletmachine.com\/wp-content\/uploads\/2022\/09\/fish-feed-extruder-2.webp\" alt=\"kho c\u1ee7a m\u00e1y \u00e9p vi\u00ean th\u1ee9c \u0103n cho c\u00e1\" class=\"wp-image-381\" title=\"kho c\u1ee7a m\u00e1y \u00e9p vi\u00ean th\u1ee9c \u0103n cho c\u00e1\" srcset=\"https:\/\/fishfoodpelletmachine.com\/wp-content\/uploads\/2022\/09\/fish-feed-extruder-2.webp 720w, https:\/\/fishfoodpelletmachine.com\/wp-content\/uploads\/2022\/09\/fish-feed-extruder-2-300x225.webp 300w\" sizes=\"auto, (max-width: 720px) 100vw, 720px\" \/><figcaption class=\"wp-element-caption\">Kho m\u00e1y \u0111\u00f9n vi\u00ean th\u1ee9c \u0103n cho c\u00e1<\/figcaption><\/figure>    <h2 class=\"wp-block-heading\" id=\"h-raw-materials-scope-of-the-fish-food-making-machine\">Ph\u1ea1m vi nguy\u00ean li\u1ec7u c\u1ee7a m\u00e1y l\u00e0m th\u1ee9c \u0103n cho c\u00e1<\/h2>    <p>N\u00f3i chung, nguy\u00ean li\u1ec7u th\u00f4 c\u1ee7a m\u00e1y l\u00e0m vi\u00ean c\u00e1 bao g\u1ed3m b\u1ed9t ng\u00f4, b\u1ed9t m\u00ec, b\u1ed9t g\u1ea1o, b\u1ed9t \u0111\u1eadu n\u00e0nh, b\u1ed9t rau, b\u1ed9t \u0111\u1eadu n\u00e0nh, b\u1ed9t b\u00f4ng, b\u1ed9t \u0111\u1eadu ph\u1ed9ng, c\u00e1m, b\u1ed9t c\u1ecf, v.v.<\/p>    <p>Ngo\u00e0i ra, ch\u00fang ta c\u00f3 th\u1ec3 b\u1ed5 sung th\u00eam b\u1ed9t c\u00e1, b\u1ed9t t\u00f4m, b\u1ed9t cua v\u00e0 c\u00e1c lo\u1ea1i \u0111\u1ea1m \u0111\u1ed9ng v\u1eadt kh\u00e1c v\u00e0o th\u1ee9c \u0103n cho c\u00e1. Hai ch\u1ea5t dinh d\u01b0\u1ee1ng n\u00e0y k\u1ebft h\u1ee3p v\u1edbi nhau c\u00f3 th\u1ec3 l\u00e0m t\u0103ng dinh d\u01b0\u1ee1ng cho th\u1ee9c \u0103n vi\u00ean cho c\u00e1.<\/p>    <figure class=\"wp-block-image size-full\"><img loading=\"lazy\" decoding=\"async\" width=\"720\" height=\"540\" src=\"https:\/\/fishfoodpelletmachine.com\/wp-content\/uploads\/2022\/08\/fish-feed-making-machine-for-sale.webp\" alt=\"C\u1ea7n b\u00e1n m\u00e1y l\u00e0m th\u1ee9c \u0103n cho c\u00e1\" class=\"wp-image-757\" title=\"\" srcset=\"https:\/\/fishfoodpelletmachine.com\/wp-content\/uploads\/2022\/08\/fish-feed-making-machine-for-sale.webp 720w, https:\/\/fishfoodpelletmachine.com\/wp-content\/uploads\/2022\/08\/fish-feed-making-machine-for-sale-300x225.webp 300w\" sizes=\"auto, (max-width: 720px) 100vw, 720px\" \/><figcaption class=\"wp-element-caption\">C\u1ea7n b\u00e1n m\u00e1y l\u00e0m th\u1ee9c \u0103n cho c\u00e1<\/figcaption><\/figure>    <h2 class=\"wp-block-heading\" id=\"h-how-does-the-small-fish-feed-pellet-machine-work\">M\u00e1y \u00e9p vi\u00ean th\u1ee9c \u0103n cho c\u00e1 nh\u1ecf ho\u1ea1t \u0111\u1ed9ng nh\u01b0 th\u1ebf n\u00e0o?<\/h2>    <p>Ch\u00fang t\u00f4i \u0111\u01b0a nguy\u00ean li\u1ec7u th\u00f4 v\u00e0o m\u00e1y l\u00e0m vi\u00ean c\u00e1. Sau \u0111\u00f3, tr\u1ee5c v\u00edt \u00e9p \u0111\u00f9n \u0111\u1ea9y nguy\u00ean li\u1ec7u th\u00f4 t\u1eeb h\u1ed9p c\u1ea5p li\u1ec7u \u0111\u1ebfn bu\u1ed3ng n\u00e9n v\u00e0 \u0111\u01b0\u1ee3c \u00e9p \u0111\u00f9n v\u00e0 gia nhi\u1ec7t s\u01a1 b\u1ed9. <\/p>    <p>Sau \u0111\u00f3, v\u1eadt li\u1ec7u s\u1ebd \u0111\u01b0\u1ee3c \u00e9p \u0111\u00f9n v\u00e0 nung n\u00f3ng li\u00ean t\u1ee5c \u1edf c\u00e1c m\u1ee9c \u0111\u1ed9 kh\u00e1c nhau. Cu\u1ed1i c\u00f9ng, v\u1eadt li\u1ec7u \u00e9p \u0111\u00f9n s\u1ebd tho\u00e1t ra qua khu\u00f4n.<\/p>    <h2 class=\"wp-block-heading\" id=\"h-working-video-of-extruder-machine-for-fish-feed\">Video ho\u1ea1t \u0111\u1ed9ng c\u1ee7a m\u00e1y \u0111\u00f9n th\u1ee9c \u0103n cho c\u00e1<\/h2>    <figure class=\"wp-block-embed is-type-video is-provider-youtube wp-block-embed-youtube wp-embed-aspect-16-9 wp-has-aspect-ratio\"><div class=\"wp-block-embed__wrapper\"> <iframe loading=\"lazy\" title=\"C\u00e1ch l\u00e0m th\u1ee9c \u0103n cho c\u00e1 L\u00e0m th\u1ee9c \u0103n vi\u00ean n\u1ed5i b\u1eb1ng m\u00e1y! M\u00e1y l\u00e0m th\u1ee9c \u0103n vi\u00ean n\u1ed5i cho c\u00e1!\" width=\"500\" height=\"281\" src=\"https:\/\/www.youtube.com\/embed\/ZQwA47TvjyQ?feature=oembed\" frameborder=\"0\" allow=\"accelerometer; autoplay; clipboard-write; encrypted-media; gyroscope; picture-in-picture; web-share\" referrerpolicy=\"strict-origin-when-cross-origin\" allowfullscreen><\/iframe> <\/div><figcaption class=\"wp-element-caption\">video ho\u1ea1t \u0111\u1ed9ng c\u1ee7a m\u00e1y l\u00e0m vi\u00ean c\u00e1<\/figcaption><\/figure>    <h2 class=\"wp-block-heading\" id=\"h-detailed-technical-of-floating-fish-food-machine\">K\u1ef9 thu\u1eadt chi ti\u1ebft m\u00e1y l\u00e0m th\u1ee9c \u0103n cho c\u00e1 n\u1ed5i<\/h2>    <figure class=\"wp-block-table\"><table><tbody><tr><td>Ng\u01b0\u1eddi m\u1eabu<\/td><td>DGP40<\/td><\/tr><tr><td>C\u00f4ng su\u1ea5t (t\/h)<\/td><td>0.04-0.05<\/td><\/tr><tr><td>C\u00f4ng su\u1ea5t ch\u00ednh (kW)<\/td><td>5.5-7.5<\/td><\/tr><tr><td>C\u00f4ng su\u1ea5t c\u1ea5p li\u1ec7u (kW)<\/td><td>0.4<\/td><\/tr><tr><td>\u0110\u01b0\u1eddng k\u00ednh xo\u1eafn \u1ed1c (mm)<\/td><td>\u03a640<\/td><\/tr><tr><td>C\u00f4ng su\u1ea5t c\u1eaft (kW)<\/td><td>0.4<\/td><\/tr><\/tbody><\/table><figcaption class=\"wp-element-caption\">m\u00e1y l\u00e0m th\u1ee9c \u0103n cho c\u00e1 n\u1ed5i<\/figcaption><\/figure>    <h2 class=\"wp-block-heading\" id=\"h-main-structure-of-the-fish-feed-extruder-machine\">C\u1ea5u tr\u00fac ch\u00ednh c\u1ee7a m\u00e1y \u0111\u00f9n th\u1ee9c \u0103n cho c\u00e1<\/h2>    <p>M\u00e1y l\u00e0m vi\u00ean c\u00e1 ch\u1ee7 y\u1ebfu bao g\u1ed3m m\u00e1y c\u1ea5p li\u1ec7u, thi\u1ebft b\u1ecb \u00e9p \u0111\u00f9n v\u00e0 gi\u00e3n n\u1edf, h\u1ec7 th\u1ed1ng \u0111i\u1ec7n v\u00e0 truy\u1ec1n \u0111\u1ed9ng, khung, h\u1ec7 th\u1ed1ng \u0111i\u1ec1u khi\u1ec3n \u0111i\u1ec7n, v.v. To\u00e0n b\u1ed9 m\u00e1y c\u00f3 c\u1ea5u tr\u00fac nh\u1ecf g\u1ecdn v\u00e0 \u0111\u01a1n gi\u1ea3n. V\u00e0 c\u00f3 t\u1ee7 \u0111i\u1ec1u khi\u1ec3n \u0111i\u1ec7n \u0111\u1ed9c l\u1eadp, d\u1ec5 v\u1eadn h\u00e0nh.<\/p>    <figure class=\"wp-block-image size-full\"><img loading=\"lazy\" decoding=\"async\" width=\"720\" height=\"540\" src=\"https:\/\/fishfoodpelletmachine.com\/wp-content\/uploads\/2022\/09\/fish-feed-extruder-machine-.webp\" alt=\"m\u00e1y \u00e9p th\u1ee9c \u0103n cho c\u00e1\" class=\"wp-image-383\" title=\"m\u00e1y \u00e9p th\u1ee9c \u0103n cho c\u00e1\" srcset=\"https:\/\/fishfoodpelletmachine.com\/wp-content\/uploads\/2022\/09\/fish-feed-extruder-machine-.webp 720w, https:\/\/fishfoodpelletmachine.com\/wp-content\/uploads\/2022\/09\/fish-feed-extruder-machine--300x225.webp 300w\" sizes=\"auto, (max-width: 720px) 100vw, 720px\" \/><figcaption class=\"wp-element-caption\">M\u00e1y \u0111\u00f9n th\u1ee9c \u0103n cho c\u00e1<\/figcaption><\/figure>    <h2 class=\"wp-block-heading\">\u0110\u1ea7u t\u01b0 v\u00e0o m\u00e1y l\u00e0m vi\u00ean c\u00e1 c\u1ee7a ch\u00fang t\u00f4i<\/h2>    <p>\u0110\u1ea7u t\u01b0 v\u00e0o m\u00e1y t\u1ea1o vi\u00ean c\u00e1 c\u1ee7a ch\u00fang t\u00f4i \u0111\u1ec3 s\u1ea3n xu\u1ea5t th\u1ee9c \u0103n cho c\u00e1 hi\u1ec7u qu\u1ea3 v\u00e0 ch\u1ea5t l\u01b0\u1ee3ng cao. V\u1edbi c\u00e1c t\u00ednh n\u0103ng ti\u00ean ti\u1ebfn v\u00e0 v\u1eadn h\u00e0nh d\u1ec5 d\u00e0ng, m\u00e1y c\u1ee7a ch\u00fang t\u00f4i s\u1ebd n\u00e2ng ho\u1ea1t \u0111\u1ed9ng nu\u00f4i tr\u1ed3ng th\u1ee7y s\u1ea3n c\u1ee7a b\u1ea1n l\u00ean t\u1ea7m th\u00e0nh c\u00f4ng m\u1edbi.<\/p>    <figure class=\"wp-block-image size-full\"><img loading=\"lazy\" decoding=\"async\" width=\"720\" height=\"540\" src=\"https:\/\/fishfoodpelletmachine.com\/wp-content\/uploads\/2022\/08\/fish-feed-pellet-machine.webp\" alt=\"nh\u00e0 m\u00e1y th\u1ee9c \u0103n cho c\u00e1 cho doanh nghi\u1ec7p\" class=\"wp-image-756\" title=\"\" srcset=\"https:\/\/fishfoodpelletmachine.com\/wp-content\/uploads\/2022\/08\/fish-feed-pellet-machine.webp 720w, https:\/\/fishfoodpelletmachine.com\/wp-content\/uploads\/2022\/08\/fish-feed-pellet-machine-300x225.webp 300w\" sizes=\"auto, (max-width: 720px) 100vw, 720px\" \/><figcaption class=\"wp-element-caption\">Nh\u00e0 m\u00e1y th\u1ee9c \u0103n cho c\u00e1 d\u00e0nh cho doanh nghi\u1ec7p<\/figcaption><\/figure>","protected":false},"excerpt":{"rendered":"<p>M\u00e1y l\u00e0m vi\u00ean c\u00e1 c\u00f3 th\u1ec3 x\u1eed l\u00fd nguy\u00ean li\u1ec7u th\u00e0nh th\u1ee9c \u0103n vi\u00ean. Th\u00e0nh ph\u1ea9m c\u00f3 th\u1ec3 l\u00e0 d\u1ea1ng vi\u00ean n\u1ed5i ho\u1eb7c d\u1ea1ng ch\u00ecm. <\/p>","protected":false},"author":1,"featured_media":378,"parent":0,"template":"","tags":[14,24,30],"product-type":[5],"class_list":["post-24","product","type-product","status-publish","has-post-thumbnail","hentry","tag-fish-food-pellet-production-line","tag-fish-pellet-making-machine","tag-floating-fish-feed-making-machine","product-type-fish-feed-pellet-machine"],"_links":{"self":[{"href":"https:\/\/fishfoodpelletmachine.com\/vi\/wp-json\/wp\/v2\/product\/24","targetHints":{"allow":["GET"]}}],"collection":[{"href":"https:\/\/fishfoodpelletmachine.com\/vi\/wp-json\/wp\/v2\/product"}],"about":[{"href":"https:\/\/fishfoodpelletmachine.com\/vi\/wp-json\/wp\/v2\/types\/product"}],"author":[{"embeddable":true,"href":"https:\/\/fishfoodpelletmachine.com\/vi\/wp-json\/wp\/v2\/users\/1"}],"wp:featuredmedia":[{"embeddable":true,"href":"https:\/\/fishfoodpelletmachine.com\/vi\/wp-json\/wp\/v2\/media\/378"}],"wp:attachment":[{"href":"https:\/\/fishfoodpelletmachine.com\/vi\/wp-json\/wp\/v2\/media?parent=24"}],"wp:term":[{"taxonomy":"post_tag","embeddable":true,"href":"https:\/\/fishfoodpelletmachine.com\/vi\/wp-json\/wp\/v2\/tags?post=24"},{"taxonomy":"product-type","embeddable":true,"href":"https:\/\/fishfoodpelletmachine.com\/vi\/wp-json\/wp\/v2\/product-type?post=24"}],"curies":[{"name":"wp","href":"https:\/\/api.w.org\/{rel}","templated":true}]}}