{"id":54,"date":"2022-08-01T07:59:12","date_gmt":"2022-08-01T07:59:12","guid":{"rendered":"https:\/\/fishfoodpelletmachine.com\/?post_type=product&#038;p=54"},"modified":"2024-03-18T09:50:59","modified_gmt":"2024-03-18T01:50:59","slug":"dry-type-fish-feed-extruder","status":"publish","type":"product","link":"https:\/\/fishfoodpelletmachine.com\/vi\/product\/dry-type-fish-feed-extruder\/","title":{"rendered":"M\u00e1y \u00e9p th\u1ee9c \u0103n cho c\u00e1 lo\u1ea1i kh\u00f4 \u4e28 M\u00e1y \u00e9p vi\u00ean th\u1ee9c \u0103n cho c\u00e1"},"content":{"rendered":"<p>M\u00e1y \u0111\u00f9n th\u1ee9c \u0103n cho c\u00e1 lo\u1ea1i kh\u00f4 l\u00e0 lo\u1ea1i m\u00e1y \u0111\u01b0\u1ee3c s\u1eed d\u1ee5ng r\u1ed9ng r\u00e3i \u0111\u1ec3 l\u00e0m th\u1ee9c \u0103n cho c\u00e1. M\u00e1y \u0111\u00f9n th\u1ee9c \u0103n cho c\u00e1 l\u00e0m cho v\u1eadt li\u1ec7u c\u00f3 h\u00ecnh d\u1ea1ng nh\u1ea5t \u0111\u1ecbnh th\u00f4ng qua qu\u00e1 tr\u00ecnh \u00e9p \u0111\u00f9n xo\u1eafn \u1ed1c. <\/p>    <p>M\u00e1y \u0111\u00f9n th\u1ee9c \u0103n cho c\u00e1 lo\u1ea1i kh\u00f4 n\u00e0y c\u00f3 s\u1ef1 k\u1ebft h\u1ee3p c\u1ee7a m\u1ed9t ho\u1eb7c nhi\u1ec1u ch\u1ee9c n\u0103ng nh\u01b0 tr\u1ed9n, l\u00e0m ch\u00edn, nh\u00e0o, c\u1eaft v\u00e0 t\u1ea1o h\u00ecnh. Cho nguy\u00ean li\u1ec7u \u0111\u00e3 nghi\u1ec1n v\u00e0o ph\u1ec5u, m\u00e1y \u00e9p vi\u00ean th\u1ee9c \u0103n cho c\u00e1 s\u1ebd cho ra nh\u1eefng vi\u00ean tr\u00f2n m\u1ecbn. <\/p>    <p class=\"translation-block\">C\u00e1c vi\u00ean th\u1ee9c \u0103n cho c\u00e1 ho\u00e0n ch\u1ec9nh cu\u1ed1i c\u00f9ng c\u00f3 th\u1ec3 \u0111\u01b0\u1ee3c cho tr\u1ef1c ti\u1ebfp cho c\u00e1c c\u00e1 nh\u1ecf. \u0110o\u1ea1n v\u0103n n\u00e0y ch\u1ee7 y\u1ebfu n\u00f3i v\u1ec1 DGP60-B, v\u00e0 ch\u00fang t\u00f4i c\u0169ng c\u00f3 lo\u1ea1i nh\u1ecf h\u01a1n <a href=\"https:\/\/fishfoodpelletmachine.com\/vi\/product\/fish-pellet-making-machine\/\">m\u00e1y \u00e9p vi\u00ean th\u1ee9c \u0103n cho c\u00e1<\/a>.  <\/p>    <figure class=\"wp-block-embed is-type-video is-provider-youtube wp-block-embed-youtube wp-embed-aspect-16-9 wp-has-aspect-ratio\"><div class=\"wp-block-embed__wrapper\"> <iframe loading=\"lazy\" title=\"M\u1edf r\u1ed9ng quy m\u00f4 nu\u00f4i tr\u1ed3ng th\u1ee7y s\u1ea3n: Vai tr\u00f2 c\u1ee7a m\u00e1y nghi\u1ec1n th\u1ee9c \u0103n cho c\u00e1 c\u00f4ng su\u1ea5t cao #fish #fishfeed #feed\" width=\"500\" height=\"281\" src=\"https:\/\/www.youtube.com\/embed\/HuZCsCn3OpY?feature=oembed\" frameborder=\"0\" allow=\"accelerometer; autoplay; clipboard-write; encrypted-media; gyroscope; picture-in-picture; web-share\" referrerpolicy=\"strict-origin-when-cross-origin\" allowfullscreen><\/iframe> <\/div><figcaption class=\"wp-element-caption\">Video ho\u1ea1t \u0111\u1ed9ng c\u1ee7a m\u00e1y \u0111\u00f9n th\u1ee9c \u0103n cho c\u00e1 lo\u1ea1i kh\u00f4<\/figcaption><\/figure>    <h2 class=\"wp-block-heading\" id=\"h-what-are-the-dry-type-fish-feed-extruder-advantages\">\u01afu \u0111i\u1ec3m c\u1ee7a m\u00e1y \u0111\u00f9n th\u1ee9c \u0103n cho c\u00e1 lo\u1ea1i kh\u00f4 l\u00e0 g\u00ec?<\/h2>    <ol class=\"wp-block-list\"> <li>Th\u1ee9c \u0103n \u0111\u01b0\u1ee3c \u00e9p b\u1eb1ng m\u00e1y \u0111\u00f9n th\u1ee9c \u0103n cho c\u00e1 lo\u1ea1i kh\u00f4 c\u00f3 \u0111\u1ed9 c\u1ee9ng nh\u1ea5t \u0111\u1ecbnh. V\u00ec v\u1eady, th\u1ee9c \u0103n cho c\u00e1 c\u00f3 th\u1ec3 b\u1ea3o qu\u1ea3n \u0111\u01b0\u1ee3c l\u00e2u trong n\u01b0\u1edbc. V\u00ec v\u1eady, n\u00f3 c\u00f3 th\u1ec3 c\u1ea3i thi\u1ec7n t\u1ef7 l\u1ec7 s\u1eed d\u1ee5ng v\u00e0 ng\u0103n ng\u1eeba \u00f4 nhi\u1ec5m n\u01b0\u1edbc.<\/li>    <li>Khi nguy\u00ean li\u1ec7u th\u00f4 \u0111\u01b0\u1ee3c \u00e9p \u0111\u00f9n b\u1eb1ng m\u00e1y \u0111\u00f9n th\u1ee9c \u0103n cho c\u00e1 lo\u1ea1i kh\u00f4, nhi\u1ec7t \u0111\u1ed9 v\u1eeba ph\u1ea3i, c\u00f3 th\u1ec3 gi\u1eef t\u1ed1t c\u00e1c nguy\u00ean t\u1ed1 vi l\u01b0\u1ee3ng trong nguy\u00ean li\u1ec7u th\u00f4. C\u00f2n h\u1ea1t c\u00f3 m\u00f9i th\u01a1m ch\u00edn t\u1ef1 nhi\u00ean, \u0111\u1ed9 ngon mi\u1ec7ng tuy\u1ec7t v\u1eddi, \u0103n gi\u1ed1ng c\u00e1 v\u00e0 t\u00f4m.<\/li>    <li>Ch\u00fang ta c\u00f3 th\u1ec3 s\u1eed d\u1ee5ng c\u00e1c khu\u00f4n x\u1ea3 kh\u00e1c nhau \u0111\u1ec3 t\u1ea1o ra c\u00e1c vi\u00ean th\u1ee9c \u0103n cho c\u00e1 c\u00f3 k\u00edch c\u1ee1 kh\u00e1c nhau. Nh\u01b0 v\u1eady ch\u00fang ta c\u00f3 th\u1ec3 cho c\u00e1 \u0103n c\u00e1c lo\u1ea1i th\u1ee9c \u0103n vi\u00ean c\u00f3 k\u00edch th\u01b0\u1edbc kh\u00e1c nhau m\u1ed9t c\u00e1ch h\u1ee3p l\u00fd t\u00f9y theo nhu c\u1ea7u t\u1eebng giai \u0111o\u1ea1n sinh tr\u01b0\u1edfng c\u1ee7a c\u00e1.<\/li>    <li>Ch\u00fang ta c\u00f3 th\u1ec3 l\u00e0m th\u1ee9c \u0103n vi\u00ean theo m\u00f9a b\u1ec7nh c\u00e1 b\u1eb1ng c\u00e1ch tr\u1ed9n c\u00e1c lo\u1ea1i thu\u1ed1c \u0111\u1ed1i ch\u1ee9ng t\u01b0\u01a1ng \u1ee9ng v\u1edbi nguy\u00ean li\u1ec7u th\u00f4. \u0110i\u1ec1u n\u00e0y c\u00f3 th\u1ec3 ng\u0103n ng\u1eeba v\u00e0 ki\u1ec3m so\u00e1t b\u1ec7nh c\u00e1, t\u1eeb \u0111\u00f3 c\u1ea3i thi\u1ec7n t\u1ef7 l\u1ec7 s\u1ed1ng c\u1ee7a th\u1ee7y s\u1ea3n.<\/li> <\/ol>    <figure class=\"wp-block-image size-full\"><img loading=\"lazy\" decoding=\"async\" width=\"720\" height=\"540\" src=\"https:\/\/fishfoodpelletmachine.com\/wp-content\/uploads\/2022\/08\/stock-of-dry-type-fish-feed-extruder-2.jpg\" alt=\"t\u1ed3n kho m\u00e1y \u00e9p th\u1ee9c \u0103n cho c\u00e1 lo\u1ea1i kh\u00f4\" class=\"wp-image-59\" title=\"t\u1ed3n kho m\u00e1y \u00e9p th\u1ee9c \u0103n cho c\u00e1 lo\u1ea1i kh\u00f4\" srcset=\"https:\/\/fishfoodpelletmachine.com\/wp-content\/uploads\/2022\/08\/stock-of-dry-type-fish-feed-extruder-2.jpg 720w, https:\/\/fishfoodpelletmachine.com\/wp-content\/uploads\/2022\/08\/stock-of-dry-type-fish-feed-extruder-2-300x225.jpg 300w\" sizes=\"auto, (max-width: 720px) 100vw, 720px\" \/><figcaption class=\"wp-element-caption\">M\u00e1y \u0111\u00f9n th\u1ee9c \u0103n cho c\u00e1 lo\u1ea1i kh\u00f4<\/figcaption><\/figure>    <h2 class=\"wp-block-heading\">\u0110\u1eb7c \u0111i\u1ec3m c\u1ee7a m\u00e1y \u00e9p vi\u00ean th\u1ee9c \u0103n cho c\u00e1<\/h2>    <ol class=\"wp-block-list\"> <li>T\u1ea1o h\u00ecnh m\u1ecbn m\u00e0ng. B\u1ec1 m\u1eb7t vi\u00ean th\u1ee9c \u0103n cho c\u00e1 h\u00ecnh th\u00e0nh m\u1ecbn, \u0111\u1eb9p, kh\u00f4ng th\u00f4 r\u00e1p. <\/li>    <li>H\u1ea1t n\u1ed5i l\u00e2u, tr\u00f4i trong n\u01b0\u1edbc h\u01a1n 12 ti\u1ebfng m\u00e0 kh\u00f4ng ch\u00ecm.<\/li>    <li>C\u00e1c vi\u00ean th\u1ee9c \u0103n cho c\u00e1 s\u1ebd kh\u00f4ng nhanh ch\u00f3ng b\u1ecb ph\u00e2n t\u00e1n ho\u1eb7c ch\u00ecm xu\u1ed1ng \u0111\u00e1y. V\u00ec v\u1eady kh\u00f4ng c\u00f3 \u00f4 nhi\u1ec5m trong n\u01b0\u1edbc.<\/li>    <li>Th\u1ee9c \u0103n vi\u00ean cho c\u00e1 \u0111\u00e3 qua x\u1eed l\u00fd \u0111\u01b0\u1ee3c ch\u1ebf bi\u1ebfn \u1edf nhi\u1ec7t \u0111\u1ed9 cao. V\u00ec v\u1eady, th\u1ee9c \u0103n vi\u00ean th\u00e0nh ph\u1ea9m kh\u00f4ng c\u00f3 vi khu\u1ea9n n\u00ean c\u00e0ng l\u00e0m gi\u1ea3m b\u1ec7nh c\u00e1.<\/li> <\/ol>    <h2 class=\"wp-block-heading\">Video ho\u1ea1t \u0111\u1ed9ng c\u1ee7a m\u00e1y \u00e9p vi\u00ean th\u1ee9c \u0103n cho c\u00e1<\/h2>    <figure class=\"wp-block-embed is-type-video is-provider-youtube wp-block-embed-youtube wp-embed-aspect-16-9 wp-has-aspect-ratio\"><div class=\"wp-block-embed__wrapper\"> <iframe loading=\"lazy\" title=\"C\u00e1ch l\u00e0m th\u1ee9c \u0103n cho c\u00e1 L\u00e0m th\u1ee9c \u0103n vi\u00ean n\u1ed5i b\u1eb1ng m\u00e1y! M\u00e1y l\u00e0m th\u1ee9c \u0103n vi\u00ean n\u1ed5i cho c\u00e1!\" width=\"500\" height=\"281\" src=\"https:\/\/www.youtube.com\/embed\/ZQwA47TvjyQ?feature=oembed\" frameborder=\"0\" allow=\"accelerometer; autoplay; clipboard-write; encrypted-media; gyroscope; picture-in-picture; web-share\" referrerpolicy=\"strict-origin-when-cross-origin\" allowfullscreen><\/iframe> <\/div><figcaption class=\"wp-element-caption\">Quy tr\u00ecnh l\u00e0m vi\u1ec7c c\u1ee7a m\u00e1y \u00e9p vi\u00ean th\u1ee9c \u0103n cho c\u00e1<\/figcaption><\/figure>    <h2 class=\"wp-block-heading\">M\u00e1y \u00e9p vi\u00ean th\u1ee9c \u0103n cho c\u00e1 ho\u1ea1t \u0111\u1ed9ng nh\u01b0 th\u1ebf n\u00e0o?<\/h2>    <p>M\u00e1y \u00e9p vi\u00ean th\u1ee9c \u0103n cho c\u00e1 ho\u1ea1t \u0111\u1ed9ng hi\u1ec7u qu\u1ea3 v\u00e0 hi\u1ec7u qu\u1ea3. \u0110\u1ea7u ti\u00ean, nguy\u00ean li\u1ec7u th\u00f4 \u0111\u01b0\u1ee3c tr\u1ed9n k\u1ef9 tr\u01b0\u1edbc khi \u0111\u01b0a v\u00e0o m\u00e1y, t\u1ea1i \u0111\u00e2y ch\u00fang tr\u1ea3i qua qu\u00e1 tr\u00ecnh \u00e9p \u0111\u00f9n v\u00e0 t\u1ea1o vi\u00ean \u0111\u1ec3 t\u1ea1o th\u00e0nh d\u1ea1ng vi\u00ean. Sau \u0111\u00f3, c\u00e1c vi\u00ean \u0111\u01b0\u1ee3c s\u1ea5y kh\u00f4 v\u00e0 l\u00e0m l\u1ea1nh \u0111\u1ec3 \u0111\u1ea1t \u0111\u01b0\u1ee3c tr\u1ea1ng th\u00e1i mong mu\u1ed1n. <\/p>    <p>M\u00e1y \u00e9p vi\u00ean th\u1ee9c \u0103n cho c\u00e1 c\u1ee7a ch\u00fang t\u00f4i c\u00f3 th\u1ec3 s\u1ea3n xu\u1ea5t th\u1ee9c \u0103n ch\u1ea5t l\u01b0\u1ee3ng cao m\u1ed9t c\u00e1ch nhanh ch\u00f3ng v\u00e0 \u0111\u00e1ng tin c\u1eady, mang l\u1ea1i s\u1ef1 ti\u1ec7n l\u1ee3i to l\u1edbn cho kh\u00e1ch h\u00e0ng. H\u00e3y li\u00ean h\u1ec7 v\u1edbi ch\u00fang t\u00f4i \u0111\u1ec3 bi\u1ebft th\u00eam chi ti\u1ebft v\u00e0 b\u00e1o gi\u00e1!<\/p>    <h2 class=\"wp-block-heading\">Th\u00f4ng s\u1ed1 k\u1ef9 thu\u1eadt c\u1ee7a m\u00e1y \u0111\u00f9n th\u1ee9c \u0103n cho c\u00e1<\/h2>    <figure class=\"wp-block-table\"><table><tbody><tr><td>Ng\u01b0\u1eddi m\u1eabu<\/td><td>DGP60-B<\/td><\/tr><tr><td>C\u00f4ng su\u1ea5t (t\/h)<\/td><td>0.10-0.12<\/td><\/tr><tr><td>C\u00f4ng su\u1ea5t ch\u00ednh (kW)<\/td><td>15<\/td><\/tr><tr><td>C\u00f4ng su\u1ea5t c\u1ea5p li\u1ec7u (kW)<\/td><td>0.4<\/td><\/tr><tr><td>\u0110\u01b0\u1eddng k\u00ednh xo\u1eafn \u1ed1c (mm)<\/td><td>\u03a660<\/td><\/tr><tr><td>L\u1ef1c c\u1eaft<\/td><td>0.4<\/td><\/tr><\/tbody><\/table><figcaption class=\"wp-element-caption\">tham s\u1ed1 c\u1ee7a m\u00e1y \u00e9p th\u1ee9c \u0103n cho c\u00e1<\/figcaption><\/figure>    <h2 class=\"wp-block-heading\">Ph\u1ea1m vi \u1ee9ng d\u1ee5ng c\u1ee7a m\u00e1y l\u00e0m vi\u00ean c\u00e1<\/h2>    <p class=\"translation-block\">M\u00e1y \u00e9p vi\u00ean th\u1ee9c \u0103n cho c\u00e1 \u1edf d\u1ea1ng kh\u00f4 <a href=\"https:\/\/pelletmillmachine.com\/animal-fish-feed-pellet-making-machine\/\" target=\"_blank\" rel=\"noopener\">t\u00e1ch kh\u00f4<\/a> nh\u1eadn ng\u00f4, \u0111\u1eadu n\u00e0nh, b\u00e3 \u0111\u1eadu n\u00e0nh, c\u00e1m l\u00faa m\u00ec, b\u00e3 c\u00e1 v\u00e0 c\u00e1c nguy\u00ean li\u1ec7u kh\u00e1c l\u00e0m nguy\u00ean li\u1ec7u th\u00f4. C\u00e1c m\u00e1y \u00e9p vi\u00ean th\u1ee9c \u0103n cho c\u00e1 \u1edf d\u1ea1ng kh\u00f4 c\u00f3 th\u1ec3 s\u1ea3n xu\u1ea5t vi\u00ean th\u1ee9c \u0103n cho c\u00e1 \u1edf c\u00e1c tr\u1ea1ng th\u00e1i v\u00e0 h\u00ecnh d\u1ea1ng kh\u00e1c nhau. V\u00ed d\u1ee5, vi\u00ean th\u1ee9c \u0103n n\u1ed5i v\u00e0 vi\u00ean th\u1ee9c \u0103n ch\u00ecm; v\u00e0 vi\u00ean th\u1ee9c \u0103n cho th\u00fa c\u01b0ng c\u00f3 h\u00ecnh d\u1ea1ng kh\u00e1c nhau. Th\u00e0nh ph\u1ea9m l\u00e0m ra c\u00f3 v\u1ecb ngon v\u00e0 dinh d\u01b0\u1ee1ng phong ph\u00fa.<\/p>    <p>Th\u1ee9c \u0103n th\u00e0nh ph\u1ea9m cu\u1ed1i c\u00f9ng th\u00edch h\u1ee3p cho ch\u00f3, m\u00e8o, c\u00e1, chim, th\u1ecf, t\u00f4m, ch\u00f3, m\u00e8o, v.v.<br>N\u00f3i chung, m\u00e1y c\u0169ng ph\u00f9 h\u1ee3p cho c\u00e1c nh\u00e0 ch\u0103n nu\u00f4i chuy\u00ean nghi\u1ec7p, c\u00e1c nh\u00e0 m\u00e1y th\u1ee9c \u0103n ch\u0103n nu\u00f4i v\u1eeba v\u00e0 nh\u1ecf v\u00e0 c\u00e1c vi\u1ec7n nghi\u00ean c\u1ee9u.<\/p>    <figure class=\"wp-block-image size-full\"><img loading=\"lazy\" decoding=\"async\" width=\"720\" height=\"540\" src=\"https:\/\/fishfoodpelletmachine.com\/wp-content\/uploads\/2022\/08\/using-acope-of-the-fish-food-pelleting-machine-1.jpg\" alt=\"c\u00e1c \u1ee9ng d\u1ee5ng c\u1ee7a m\u00e1y vi\u00ean th\u1ee9c \u0103n cho c\u00e1\" class=\"wp-image-60\" title=\"s\u1eed d\u1ee5ng m\u00e1y \u00e9p vi\u00ean th\u1ee9c \u0103n cho c\u00e1 -\" srcset=\"https:\/\/fishfoodpelletmachine.com\/wp-content\/uploads\/2022\/08\/using-acope-of-the-fish-food-pelleting-machine-1.jpg 720w, https:\/\/fishfoodpelletmachine.com\/wp-content\/uploads\/2022\/08\/using-acope-of-the-fish-food-pelleting-machine-1-300x225.jpg 300w\" sizes=\"auto, (max-width: 720px) 100vw, 720px\" \/><figcaption class=\"wp-element-caption\">\u1ee8ng d\u1ee5ng c\u1ee7a m\u00e1y \u00e9p vi\u00ean th\u1ee9c \u0103n cho c\u00e1<\/figcaption><\/figure>    <h2 class=\"wp-block-heading\">M\u00e1y \u00e9p vi\u00ean th\u1ee9c \u0103n cho c\u00e1 n\u1ed5i ch\u1ebft v\u00e0 c\u00e1c b\u1ed9 ph\u1eadn b\u1ecb m\u00f2n<\/h2>    <p>C\u00e1c b\u1ed9 ph\u1eadn m\u00e0i m\u00f2n c\u1ee7a m\u00e1y \u0111\u00f9n th\u1ee9c \u0103n cho c\u00e1 lo\u1ea1i kh\u00f4 ch\u1ee7 y\u1ebfu bao g\u1ed3m v\u00edt, \u1ed1ng l\u00f3t v\u00e0 l\u01b0\u1ee1i dao. M\u1ed7i chi\u1ebfc m\u00e1y ch\u00fang t\u00f4i b\u00e1n s\u1ebd cung c\u1ea5p s\u00e1u khu\u00f4n cho kh\u00e1ch h\u00e0ng \u0111\u1ec3 h\u1ecd c\u00f3 th\u1ec3 l\u1ef1a ch\u1ecdn chi\u1ebfc ph\u00f9 h\u1ee3p theo nhu c\u1ea7u c\u1ee7a m\u00ecnh.<\/p>    <figure class=\"wp-block-image size-full is-resized\"><img loading=\"lazy\" decoding=\"async\" width=\"720\" height=\"540\" src=\"https:\/\/fishfoodpelletmachine.com\/wp-content\/uploads\/2022\/08\/models-of-fish-feed-extruder-2.jpg\" alt=\"c\u00e1c m\u1eabu m\u00e1y \u00e9p th\u1ee9c \u0103n cho c\u00e1\" class=\"wp-image-57\" title=\"c\u00e1c m\u1eabu m\u00e1y \u00e9p th\u1ee9c \u0103n cho c\u00e1 \" srcset=\"https:\/\/fishfoodpelletmachine.com\/wp-content\/uploads\/2022\/08\/models-of-fish-feed-extruder-2.jpg 720w, https:\/\/fishfoodpelletmachine.com\/wp-content\/uploads\/2022\/08\/models-of-fish-feed-extruder-2-300x225.jpg 300w\" sizes=\"auto, (max-width: 720px) 100vw, 720px\" \/><figcaption class=\"wp-element-caption\">M\u00f4 h\u00ecnh m\u00e1y \u0111\u00f9n th\u1ee9c \u0103n cho c\u00e1<\/figcaption><\/figure>    <h2 class=\"wp-block-heading\">T\u1ea1i sao ch\u1ecdn m\u00e1y ch\u1ebf bi\u1ebfn th\u1ee9c \u0103n cho c\u00e1 c\u1ee7a ch\u00fang t\u00f4i?<\/h2>    <ol class=\"wp-block-list\"> <li>Ch\u00fang t\u00f4i l\u00e0 nh\u00e0 s\u1ea3n xu\u1ea5t chuy\u00ean nghi\u1ec7p v\u1ec1 m\u00e1y ch\u1ebf bi\u1ebfn th\u1ee9c \u0103n cho c\u00e1. T\u1eeb thi\u1ebft k\u1ebf c\u1ee7a m\u00e1y \u0111\u1ebfn v\u1eadt li\u1ec7u s\u1eed d\u1ee5ng, trong qu\u00e1 tr\u00ecnh s\u1ea3n xu\u1ea5t ch\u00fang t\u00f4i c\u00f3 \u0111\u1ed9i ng\u0169 v\u00e0 h\u1ec7 th\u1ed1ng gi\u00e1m s\u00e1t chuy\u00ean nghi\u1ec7p. V\u00ec v\u1eady, m\u00e1y \u0111\u00f9n th\u1ee9c \u0103n cho c\u00e1 lo\u1ea1i kh\u00f4 \u0111\u01b0\u1ee3c s\u1ea3n xu\u1ea5t c\u00f3 k\u1ebft c\u1ea5u h\u1ee3p l\u00fd, b\u1ec1n b\u1ec9 v\u00e0 v\u1eadn h\u00e0nh t\u1ed1t.<\/li>    <li>D\u1ecbch v\u1ee5 chu \u0111\u00e1o c\u1ee7a ch\u00fang t\u00f4i. Ch\u00fang t\u00f4i s\u1ebd gi\u1edbi thi\u1ec7u lo\u1ea1i m\u00e1y ph\u00f9 h\u1ee3p cho kh\u00e1ch h\u00e0ng v\u00e0 tr\u1ea3 l\u1eddi k\u1ecbp th\u1eddi c\u00e1c c\u00e2u h\u1ecfi c\u1ee7a h\u1ecd. Cung c\u1ea5p m\u1ecdi th\u00f4ng tin m\u00e0 kh\u00e1ch h\u00e0ng c\u1ea7n.<\/li>    <li>C\u00e1i gi\u00e1 c\u00f3 th\u1ec3 tr\u1ea3 \u0111\u01b0\u1ee3c. Gi\u00e1 m\u00e1y \u0111\u00f9n th\u1ee9c \u0103n cho c\u00e1 lo\u1ea1i kh\u00f4 c\u1ee7a ch\u00fang t\u00f4i kh\u00f4ng cao, ph\u00f9 h\u1ee3p v\u1edbi nhu c\u1ea7u c\u1ee7a c\u00f4ng ch\u00fang v\u00e0 h\u1ea7u h\u1ebft kh\u00e1ch h\u00e0ng \u0111\u1ec1u c\u00f3 th\u1ec3 mua \u0111\u01b0\u1ee3c.<\/li>    <li>D\u1ecbch v\u1ee5 sau b\u00e1n h\u00e0ng m\u1ed9t n\u0103m. Ch\u00fang t\u00f4i s\u1ebd cung c\u1ea5p d\u1ecbch v\u1ee5 h\u1eadu m\u00e3i mi\u1ec5n ph\u00ed m\u1ed9t n\u0103m cho kh\u00e1ch h\u00e0ng c\u1ee7a ch\u00fang t\u00f4i. Gi\u00fap kh\u00e1ch h\u00e0ng gi\u1ea3i quy\u1ebft v\u1ea5n \u0111\u1ec1 c\u1ee7a h\u1ecd.<\/li> <\/ol>    <figure class=\"wp-block-image size-full\"><img loading=\"lazy\" decoding=\"async\" width=\"720\" height=\"540\" src=\"https:\/\/fishfoodpelletmachine.com\/wp-content\/uploads\/2022\/08\/fish-feed-pelleting-machine1-.jpg\" alt=\"m\u00e1y \u00e9p vi\u00ean th\u1ee9c \u0103n cho c\u00e1\" class=\"wp-image-58\" title=\"m\u00e1y \u00e9p vi\u00ean th\u1ee9c \u0103n cho c\u00e1\" srcset=\"https:\/\/fishfoodpelletmachine.com\/wp-content\/uploads\/2022\/08\/fish-feed-pelleting-machine1-.jpg 720w, https:\/\/fishfoodpelletmachine.com\/wp-content\/uploads\/2022\/08\/fish-feed-pelleting-machine1--300x225.jpg 300w\" sizes=\"auto, (max-width: 720px) 100vw, 720px\" \/><figcaption class=\"wp-element-caption\">M\u00e1y \u00e9p th\u1ee9c \u0103n cho c\u00e1<\/figcaption><\/figure>","protected":false},"excerpt":{"rendered":"<p>M\u00e1y \u0111\u00f9n th\u1ee9c \u0103n cho c\u00e1 lo\u1ea1i kh\u00f4 \u0111\u01b0\u1ee3c s\u1eed d\u1ee5ng r\u1ed9ng r\u00e3i. N\u00f3 l\u00e0m cho nguy\u00ean li\u1ec7u th\u00f4 c\u00f3 h\u00ecnh d\u1ea1ng nh\u1ea5t \u0111\u1ecbnh th\u00f4ng qua qu\u00e1 tr\u00ecnh \u00e9p \u0111\u00f9n xo\u1eafn \u1ed1c.<\/p>","protected":false},"author":1,"featured_media":336,"parent":0,"template":"","tags":[16,18,20],"product-type":[5],"class_list":["post-54","product","type-product","status-publish","has-post-thumbnail","hentry","tag-dry-type-fish-feed-extruder","tag-fish-feed-pellet-machine","tag-fish-feed-pelleting-machine-2","product-type-fish-feed-pellet-machine"],"_links":{"self":[{"href":"https:\/\/fishfoodpelletmachine.com\/vi\/wp-json\/wp\/v2\/product\/54","targetHints":{"allow":["GET"]}}],"collection":[{"href":"https:\/\/fishfoodpelletmachine.com\/vi\/wp-json\/wp\/v2\/product"}],"about":[{"href":"https:\/\/fishfoodpelletmachine.com\/vi\/wp-json\/wp\/v2\/types\/product"}],"author":[{"embeddable":true,"href":"https:\/\/fishfoodpelletmachine.com\/vi\/wp-json\/wp\/v2\/users\/1"}],"wp:featuredmedia":[{"embeddable":true,"href":"https:\/\/fishfoodpelletmachine.com\/vi\/wp-json\/wp\/v2\/media\/336"}],"wp:attachment":[{"href":"https:\/\/fishfoodpelletmachine.com\/vi\/wp-json\/wp\/v2\/media?parent=54"}],"wp:term":[{"taxonomy":"post_tag","embeddable":true,"href":"https:\/\/fishfoodpelletmachine.com\/vi\/wp-json\/wp\/v2\/tags?post=54"},{"taxonomy":"product-type","embeddable":true,"href":"https:\/\/fishfoodpelletmachine.com\/vi\/wp-json\/wp\/v2\/product-type?post=54"}],"curies":[{"name":"wp","href":"https:\/\/api.w.org\/{rel}","templated":true}]}}